{"id":228,"date":"2018-02-10T17:01:27","date_gmt":"2018-02-10T17:01:27","guid":{"rendered":"http:\/\/www.tenutalaviola.it\/?page_id=228"},"modified":"2021-01-23T22:26:51","modified_gmt":"2021-01-23T20:26:51","slug":"romagna-bertinoro-vino-sangiovese","status":"publish","type":"page","link":"https:\/\/www.tenutalaviola.it\/index.php\/it\/romagna-bertinoro-vino-sangiovese\/","title":{"rendered":"Territorio"},"content":{"rendered":"\n<p><strong>Tenuta La Viola<\/strong> si trova in <strong>Emilia Romagna<\/strong> sulle dolci colline di <strong>Bertinoro<\/strong>, nel versante che si affaccia verso il mare. La vicinanza dell\u2019Adriatico da una parte e dell\u2019appennino Tosco-Romagnolo dall\u2019altra, creano le irripetibili condizioni per un <strong>microclima unico<\/strong>, accarezzato ogni giorno da <strong>brezze leggere<\/strong>.<\/p>\n\n\n\n<h2 class=\"wp-block-heading\">Romagna<\/h2>\n\n\n\n<p><strong><a href=\"https:\/\/www.visitbertinoro.it\/it\/\" target=\"_blank\" rel=\"noreferrer noopener\">Bertinoro<\/a><\/strong>, nel cuore della Romagna, \u00e8 un piccolo borgo medievale in cima a un colle. Da qui si vedono pendii, pianure e il mare Adriatico. \u00c8 una terra da sempre conosciuta per la particolare <strong>vocazione alla produzione di vini di qualit\u00e0 e per l\u2019ospitalit\u00e0<\/strong> dei suoi abitanti, ma anche per l\u2019infinita passione della sua gente per la cucina, per i motori e per l\u2019arte. Sono di questa terra la Ferrari e la Ducati, i piloti come Valentino Rossi e Andrea Dovizioso, e artisti di ogni tempo come Giovanni Pascoli, Luciano Pavarotti e Federico Fellini.<\/p>\n\n\n\n<h2 class=\"wp-block-heading\">Spungone<\/h2>\n\n\n\n<p>Anche il terreno vanta caratteristiche eccezionali: \u00e8 <strong>argilloso, ricco di calcare e di antichi sedimenti marini<\/strong>, come conchiglie e sabbia. Questi ultimi elementi che formano lo scheletro dei nostri vigneti derivano dallo <strong>Spungone<\/strong>.<\/p>\n\n\n\n<div class=\"wp-block-image\"><figure class=\"aligncenter\"><img fetchpriority=\"high\" decoding=\"async\" width=\"600\" height=\"270\" data-attachment-id=\"98\" data-permalink=\"https:\/\/www.tenutalaviola.it\/spungone\/\" data-orig-file=\"https:\/\/www.tenutalaviola.it\/wp-content\/uploads\/2016\/09\/spungone.jpg\" data-orig-size=\"600,270\" data-comments-opened=\"1\" data-image-meta=\"{&quot;aperture&quot;:&quot;0&quot;,&quot;credit&quot;:&quot;&quot;,&quot;camera&quot;:&quot;&quot;,&quot;caption&quot;:&quot;&quot;,&quot;created_timestamp&quot;:&quot;0&quot;,&quot;copyright&quot;:&quot;&quot;,&quot;focal_length&quot;:&quot;0&quot;,&quot;iso&quot;:&quot;0&quot;,&quot;shutter_speed&quot;:&quot;0&quot;,&quot;title&quot;:&quot;&quot;,&quot;orientation&quot;:&quot;0&quot;}\" data-image-title=\"spungone\" data-image-description=\"\" data-image-caption=\"\" data-medium-file=\"https:\/\/www.tenutalaviola.it\/wp-content\/uploads\/2016\/09\/spungone-300x135.jpg\" data-large-file=\"https:\/\/www.tenutalaviola.it\/wp-content\/uploads\/2016\/09\/spungone.jpg\" src=\"https:\/\/www.tenutalaviola.it\/wp-content\/uploads\/2016\/09\/spungone.jpg\" alt=\"spungone\" class=\"wp-image-98\" srcset=\"https:\/\/www.tenutalaviola.it\/wp-content\/uploads\/2016\/09\/spungone.jpg 600w, https:\/\/www.tenutalaviola.it\/wp-content\/uploads\/2016\/09\/spungone-300x135.jpg 300w\" sizes=\"(max-width: 600px) 100vw, 600px\" \/><\/figure><\/div>\n\n\n\n<p>Lo <a href=\"http:\/\/www.laromagnadellospungone.it\/it\/\" target=\"_blank\" rel=\"noreferrer noopener\">Spungone<\/a>, dal dialettale spugn\u00f2 o spung\u00f2 per il suo aspetto \u201cspugnoso\u201d, \u00e8 un particolare tipo di <strong>roccia arenaria calcarea<\/strong> che forma le nostre colline e che tanto influenza la geologia del territorio e la produzione agricola locale, in particolare quella vitivinicola e olearia.<\/p>\n\n\n\n<p>Costituito da un grossolano impasto di gusci di conchiglie marine tenute assieme da cemento calcareo, la genesi dello Spungone deriva da depositi marini (di mare relativamente basso) insediatisi durante il <strong>Pliocene Medio<\/strong>, circa 3 milioni di anni fa, su zone rialzate che costituivano la Romagna di allora.<\/p>\n\n\n\n<p>Questo complesso tessuto del<strong> <\/strong>terreno<strong> conferisce ai vini mineralit\u00e0, colore e la buona acidit\u00e0 che li rende cos\u00ec longevi<\/strong>.<\/p>\n\n\n\n<p><\/p>\n","protected":false},"excerpt":{"rendered":"<p>Tenuta La Viola si trova in Emilia Romagna sulle dolci colline di Bertinoro, nel versante che si affaccia verso il mare. La vicinanza dell\u2019Adriatico da una parte e dell\u2019appennino Tosco-Romagnolo dall\u2019altra, creano le irripetibili condizioni per un microclima unico, accarezzato ogni giorno da brezze leggere. Romagna Bertinoro, nel cuore della Romagna, \u00e8 un piccolo borgo medievale in cima a un colle. Da qui si vedono pendii, pianure e il mare &hellip; <\/p>\n","protected":false},"author":1,"featured_media":193,"parent":0,"menu_order":0,"comment_status":"closed","ping_status":"closed","template":"page-templates\/grid-page.php","meta":{"jetpack_post_was_ever_published":false,"footnotes":""},"class_list":["post-228","page","type-page","status-publish","has-post-thumbnail","hentry"],"yoast_head":"<!-- This site is optimized with the Yoast SEO plugin v26.6 - https:\/\/yoast.com\/wordpress\/plugins\/seo\/ -->\r\n<title>Territorio - Tenuta La Viola<\/title>\r\n<meta name=\"description\" content=\"Tenuta La Viola si trova sulle dolci colline di Bertinoro nel cuore della Romagna terra dei vini Sangiovese ed Albana.\" \/>\r\n<meta name=\"robots\" content=\"index, follow, max-snippet:-1, max-image-preview:large, max-video-preview:-1\" \/>\r\n<link rel=\"canonical\" href=\"https:\/\/www.tenutalaviola.it\/index.php\/it\/romagna-bertinoro-vino-sangiovese\/\" \/>\r\n<meta property=\"og:locale\" content=\"it_IT\" \/>\r\n<meta property=\"og:type\" content=\"article\" \/>\r\n<meta property=\"og:title\" content=\"Territorio - Tenuta La Viola\" \/>\r\n<meta property=\"og:description\" content=\"Tenuta La Viola si trova sulle dolci colline di Bertinoro nel cuore della Romagna terra dei vini Sangiovese ed Albana.\" \/>\r\n<meta property=\"og:url\" content=\"https:\/\/www.tenutalaviola.it\/index.php\/it\/romagna-bertinoro-vino-sangiovese\/\" \/>\r\n<meta property=\"og:site_name\" content=\"Tenuta La Viola\" \/>\r\n<meta property=\"article:publisher\" content=\"https:\/\/www.facebook.com\/tenutalaviola\/\" \/>\r\n<meta property=\"article:modified_time\" content=\"2021-01-23T20:26:51+00:00\" \/>\r\n<meta property=\"og:image\" content=\"https:\/\/www.tenutalaviola.it\/wp-content\/uploads\/2016\/09\/vignebertinoro.jpg\" \/>\r\n\t<meta property=\"og:image:width\" content=\"1920\" \/>\r\n\t<meta property=\"og:image:height\" content=\"955\" \/>\r\n\t<meta property=\"og:image:type\" content=\"image\/jpeg\" \/>\r\n<meta name=\"twitter:card\" content=\"summary_large_image\" \/>\r\n<meta name=\"twitter:site\" content=\"@tenutalaviola\" \/>\r\n<meta name=\"twitter:label1\" content=\"Tempo di lettura stimato\" \/>\n\t<meta name=\"twitter:data1\" content=\"1 minuto\" \/>\r\n<script type=\"application\/ld+json\" class=\"yoast-schema-graph\">{\"@context\":\"https:\/\/schema.org\",\"@graph\":[{\"@type\":\"WebPage\",\"@id\":\"https:\/\/www.tenutalaviola.it\/index.php\/it\/romagna-bertinoro-vino-sangiovese\/\",\"url\":\"https:\/\/www.tenutalaviola.it\/index.php\/it\/romagna-bertinoro-vino-sangiovese\/\",\"name\":\"Territorio - Tenuta La Viola\",\"isPartOf\":{\"@id\":\"https:\/\/www.tenutalaviola.it\/#website\"},\"primaryImageOfPage\":{\"@id\":\"https:\/\/www.tenutalaviola.it\/index.php\/it\/romagna-bertinoro-vino-sangiovese\/#primaryimage\"},\"image\":{\"@id\":\"https:\/\/www.tenutalaviola.it\/index.php\/it\/romagna-bertinoro-vino-sangiovese\/#primaryimage\"},\"thumbnailUrl\":\"https:\/\/www.tenutalaviola.it\/wp-content\/uploads\/2016\/09\/vignebertinoro.jpg\",\"datePublished\":\"2018-02-10T17:01:27+00:00\",\"dateModified\":\"2021-01-23T20:26:51+00:00\",\"description\":\"Tenuta La Viola si trova sulle dolci colline di Bertinoro nel cuore della Romagna terra dei vini Sangiovese ed Albana.\",\"breadcrumb\":{\"@id\":\"https:\/\/www.tenutalaviola.it\/index.php\/it\/romagna-bertinoro-vino-sangiovese\/#breadcrumb\"},\"inLanguage\":\"it-IT\",\"potentialAction\":[{\"@type\":\"ReadAction\",\"target\":[\"https:\/\/www.tenutalaviola.it\/index.php\/it\/romagna-bertinoro-vino-sangiovese\/\"]}]},{\"@type\":\"ImageObject\",\"inLanguage\":\"it-IT\",\"@id\":\"https:\/\/www.tenutalaviola.it\/index.php\/it\/romagna-bertinoro-vino-sangiovese\/#primaryimage\",\"url\":\"https:\/\/www.tenutalaviola.it\/wp-content\/uploads\/2016\/09\/vignebertinoro.jpg\",\"contentUrl\":\"https:\/\/www.tenutalaviola.it\/wp-content\/uploads\/2016\/09\/vignebertinoro.jpg\",\"width\":1920,\"height\":955},{\"@type\":\"BreadcrumbList\",\"@id\":\"https:\/\/www.tenutalaviola.it\/index.php\/it\/romagna-bertinoro-vino-sangiovese\/#breadcrumb\",\"itemListElement\":[{\"@type\":\"ListItem\",\"position\":1,\"name\":\"Home\",\"item\":\"https:\/\/www.tenutalaviola.it\/index.php\/en\/home-2\/\"},{\"@type\":\"ListItem\",\"position\":2,\"name\":\"Territorio\"}]},{\"@type\":\"WebSite\",\"@id\":\"https:\/\/www.tenutalaviola.it\/#website\",\"url\":\"https:\/\/www.tenutalaviola.it\/\",\"name\":\"Tenuta La Viola\",\"description\":\"The Italian Sangiovese wine producer\",\"publisher\":{\"@id\":\"https:\/\/www.tenutalaviola.it\/#organization\"},\"potentialAction\":[{\"@type\":\"SearchAction\",\"target\":{\"@type\":\"EntryPoint\",\"urlTemplate\":\"https:\/\/www.tenutalaviola.it\/?s={search_term_string}\"},\"query-input\":{\"@type\":\"PropertyValueSpecification\",\"valueRequired\":true,\"valueName\":\"search_term_string\"}}],\"inLanguage\":\"it-IT\"},{\"@type\":\"Organization\",\"@id\":\"https:\/\/www.tenutalaviola.it\/#organization\",\"name\":\"Tenuta La Viola\",\"url\":\"https:\/\/www.tenutalaviola.it\/\",\"logo\":{\"@type\":\"ImageObject\",\"inLanguage\":\"it-IT\",\"@id\":\"https:\/\/www.tenutalaviola.it\/#\/schema\/logo\/image\/\",\"url\":\"https:\/\/www.tenutalaviola.it\/wp-content\/uploads\/2016\/09\/siteicon.jpg\",\"contentUrl\":\"https:\/\/www.tenutalaviola.it\/wp-content\/uploads\/2016\/09\/siteicon.jpg\",\"width\":512,\"height\":512,\"caption\":\"Tenuta La Viola\"},\"image\":{\"@id\":\"https:\/\/www.tenutalaviola.it\/#\/schema\/logo\/image\/\"},\"sameAs\":[\"https:\/\/www.facebook.com\/tenutalaviola\/\",\"https:\/\/x.com\/tenutalaviola\",\"https:\/\/www.instagram.com\/tenutalaviola\/\"]}]}<\/script>\r\n<!-- \/ Yoast SEO plugin. -->","yoast_head_json":{"title":"Territorio - Tenuta La Viola","description":"Tenuta La Viola si trova sulle dolci colline di Bertinoro nel cuore della Romagna terra dei vini Sangiovese ed Albana.","robots":{"index":"index","follow":"follow","max-snippet":"max-snippet:-1","max-image-preview":"max-image-preview:large","max-video-preview":"max-video-preview:-1"},"canonical":"https:\/\/www.tenutalaviola.it\/index.php\/it\/romagna-bertinoro-vino-sangiovese\/","og_locale":"it_IT","og_type":"article","og_title":"Territorio - Tenuta La Viola","og_description":"Tenuta La Viola si trova sulle dolci colline di Bertinoro nel cuore della Romagna terra dei vini Sangiovese ed Albana.","og_url":"https:\/\/www.tenutalaviola.it\/index.php\/it\/romagna-bertinoro-vino-sangiovese\/","og_site_name":"Tenuta La Viola","article_publisher":"https:\/\/www.facebook.com\/tenutalaviola\/","article_modified_time":"2021-01-23T20:26:51+00:00","og_image":[{"width":1920,"height":955,"url":"https:\/\/www.tenutalaviola.it\/wp-content\/uploads\/2016\/09\/vignebertinoro.jpg","type":"image\/jpeg"}],"twitter_card":"summary_large_image","twitter_site":"@tenutalaviola","twitter_misc":{"Tempo di lettura stimato":"1 minuto"},"schema":{"@context":"https:\/\/schema.org","@graph":[{"@type":"WebPage","@id":"https:\/\/www.tenutalaviola.it\/index.php\/it\/romagna-bertinoro-vino-sangiovese\/","url":"https:\/\/www.tenutalaviola.it\/index.php\/it\/romagna-bertinoro-vino-sangiovese\/","name":"Territorio - Tenuta La Viola","isPartOf":{"@id":"https:\/\/www.tenutalaviola.it\/#website"},"primaryImageOfPage":{"@id":"https:\/\/www.tenutalaviola.it\/index.php\/it\/romagna-bertinoro-vino-sangiovese\/#primaryimage"},"image":{"@id":"https:\/\/www.tenutalaviola.it\/index.php\/it\/romagna-bertinoro-vino-sangiovese\/#primaryimage"},"thumbnailUrl":"https:\/\/www.tenutalaviola.it\/wp-content\/uploads\/2016\/09\/vignebertinoro.jpg","datePublished":"2018-02-10T17:01:27+00:00","dateModified":"2021-01-23T20:26:51+00:00","description":"Tenuta La Viola si trova sulle dolci colline di Bertinoro nel cuore della Romagna terra dei vini Sangiovese ed Albana.","breadcrumb":{"@id":"https:\/\/www.tenutalaviola.it\/index.php\/it\/romagna-bertinoro-vino-sangiovese\/#breadcrumb"},"inLanguage":"it-IT","potentialAction":[{"@type":"ReadAction","target":["https:\/\/www.tenutalaviola.it\/index.php\/it\/romagna-bertinoro-vino-sangiovese\/"]}]},{"@type":"ImageObject","inLanguage":"it-IT","@id":"https:\/\/www.tenutalaviola.it\/index.php\/it\/romagna-bertinoro-vino-sangiovese\/#primaryimage","url":"https:\/\/www.tenutalaviola.it\/wp-content\/uploads\/2016\/09\/vignebertinoro.jpg","contentUrl":"https:\/\/www.tenutalaviola.it\/wp-content\/uploads\/2016\/09\/vignebertinoro.jpg","width":1920,"height":955},{"@type":"BreadcrumbList","@id":"https:\/\/www.tenutalaviola.it\/index.php\/it\/romagna-bertinoro-vino-sangiovese\/#breadcrumb","itemListElement":[{"@type":"ListItem","position":1,"name":"Home","item":"https:\/\/www.tenutalaviola.it\/index.php\/en\/home-2\/"},{"@type":"ListItem","position":2,"name":"Territorio"}]},{"@type":"WebSite","@id":"https:\/\/www.tenutalaviola.it\/#website","url":"https:\/\/www.tenutalaviola.it\/","name":"Tenuta La Viola","description":"The Italian Sangiovese wine producer","publisher":{"@id":"https:\/\/www.tenutalaviola.it\/#organization"},"potentialAction":[{"@type":"SearchAction","target":{"@type":"EntryPoint","urlTemplate":"https:\/\/www.tenutalaviola.it\/?s={search_term_string}"},"query-input":{"@type":"PropertyValueSpecification","valueRequired":true,"valueName":"search_term_string"}}],"inLanguage":"it-IT"},{"@type":"Organization","@id":"https:\/\/www.tenutalaviola.it\/#organization","name":"Tenuta La Viola","url":"https:\/\/www.tenutalaviola.it\/","logo":{"@type":"ImageObject","inLanguage":"it-IT","@id":"https:\/\/www.tenutalaviola.it\/#\/schema\/logo\/image\/","url":"https:\/\/www.tenutalaviola.it\/wp-content\/uploads\/2016\/09\/siteicon.jpg","contentUrl":"https:\/\/www.tenutalaviola.it\/wp-content\/uploads\/2016\/09\/siteicon.jpg","width":512,"height":512,"caption":"Tenuta La Viola"},"image":{"@id":"https:\/\/www.tenutalaviola.it\/#\/schema\/logo\/image\/"},"sameAs":["https:\/\/www.facebook.com\/tenutalaviola\/","https:\/\/x.com\/tenutalaviola","https:\/\/www.instagram.com\/tenutalaviola\/"]}]}},"jetpack_sharing_enabled":true,"jetpack_shortlink":"https:\/\/wp.me\/P7T4su-3G","_links":{"self":[{"href":"https:\/\/www.tenutalaviola.it\/index.php\/wp-json\/wp\/v2\/pages\/228","targetHints":{"allow":["GET"]}}],"collection":[{"href":"https:\/\/www.tenutalaviola.it\/index.php\/wp-json\/wp\/v2\/pages"}],"about":[{"href":"https:\/\/www.tenutalaviola.it\/index.php\/wp-json\/wp\/v2\/types\/page"}],"author":[{"embeddable":true,"href":"https:\/\/www.tenutalaviola.it\/index.php\/wp-json\/wp\/v2\/users\/1"}],"replies":[{"embeddable":true,"href":"https:\/\/www.tenutalaviola.it\/index.php\/wp-json\/wp\/v2\/comments?post=228"}],"version-history":[{"count":13,"href":"https:\/\/www.tenutalaviola.it\/index.php\/wp-json\/wp\/v2\/pages\/228\/revisions"}],"predecessor-version":[{"id":1072,"href":"https:\/\/www.tenutalaviola.it\/index.php\/wp-json\/wp\/v2\/pages\/228\/revisions\/1072"}],"wp:featuredmedia":[{"embeddable":true,"href":"https:\/\/www.tenutalaviola.it\/index.php\/wp-json\/wp\/v2\/media\/193"}],"wp:attachment":[{"href":"https:\/\/www.tenutalaviola.it\/index.php\/wp-json\/wp\/v2\/media?parent=228"}],"curies":[{"name":"wp","href":"https:\/\/api.w.org\/{rel}","templated":true}]}}