{"id":3303,"date":"2023-10-29T20:08:30","date_gmt":"2023-10-29T18:08:30","guid":{"rendered":"https:\/\/www.tenutalaviola.it\/?page_id=3303"},"modified":"2023-10-29T21:53:35","modified_gmt":"2023-10-29T19:53:35","slug":"a-natale-regala-un-bottiglia-di-vino","status":"publish","type":"page","link":"https:\/\/www.tenutalaviola.it\/index.php\/it\/a-natale-regala-un-bottiglia-di-vino\/","title":{"rendered":"A Natale regala una bottiglia di Vino"},"content":{"rendered":"\n<p>anche quest\u2019anno siamo oramai prossimi al Natale e se non hai ancora pensato cosa regale alle persone a te care noi una proposta per te ce l\u2019abbiamo. Offrire in dono delle bottiglie di vino \u00e8 sempre un regalo prezioso nonch\u00e9 gradito e se poi il vino \u00e8 il nostro allora farai sicuramente colpo!<\/p>\n\n\n\n<p>Per l\u2019occasione abbiamo preparato alcuni esempi di confezioni regalo ma \u00e8 possibile scegliere altri vini tra le nostre etichette e combinarli come preferisci. &nbsp;Eccoti alcune proposte<\/p>\n\n\n\n<figure class=\"wp-block-gallery has-nested-images columns-default is-cropped is-style-rectangular wp-block-gallery-1 is-layout-flex wp-block-gallery-is-layout-flex\">\n<figure class=\"wp-block-image size-large\"><img fetchpriority=\"high\" decoding=\"async\" width=\"1024\" height=\"686\" data-attachment-id=\"3315\" data-permalink=\"https:\/\/www.tenutalaviola.it\/index.php\/it\/a-natale-regala-un-bottiglia-di-vino\/scatola-da-3\/\" data-orig-file=\"https:\/\/www.tenutalaviola.it\/wp-content\/uploads\/2023\/10\/Scatola-da-3-scaled.jpg\" data-orig-size=\"2560,1714\" data-comments-opened=\"1\" data-image-meta=\"{&quot;aperture&quot;:&quot;0&quot;,&quot;credit&quot;:&quot;&quot;,&quot;camera&quot;:&quot;&quot;,&quot;caption&quot;:&quot;&quot;,&quot;created_timestamp&quot;:&quot;0&quot;,&quot;copyright&quot;:&quot;&quot;,&quot;focal_length&quot;:&quot;0&quot;,&quot;iso&quot;:&quot;0&quot;,&quot;shutter_speed&quot;:&quot;0&quot;,&quot;title&quot;:&quot;&quot;,&quot;orientation&quot;:&quot;0&quot;}\" data-image-title=\"Scatola da 3\" data-image-description=\"\" data-image-caption=\"&lt;p&gt;Scatola da 3 bottiglie&lt;\/p&gt;\n\" data-medium-file=\"https:\/\/www.tenutalaviola.it\/wp-content\/uploads\/2023\/10\/Scatola-da-3-300x201.jpg\" data-large-file=\"https:\/\/www.tenutalaviola.it\/wp-content\/uploads\/2023\/10\/Scatola-da-3-1024x686.jpg\" data-id=\"3315\" src=\"https:\/\/www.tenutalaviola.it\/wp-content\/uploads\/2023\/10\/Scatola-da-3-1024x686.jpg\" alt=\"\" class=\"wp-image-3315\" srcset=\"https:\/\/www.tenutalaviola.it\/wp-content\/uploads\/2023\/10\/Scatola-da-3-1024x686.jpg 1024w, https:\/\/www.tenutalaviola.it\/wp-content\/uploads\/2023\/10\/Scatola-da-3-300x201.jpg 300w, https:\/\/www.tenutalaviola.it\/wp-content\/uploads\/2023\/10\/Scatola-da-3-768x514.jpg 768w, https:\/\/www.tenutalaviola.it\/wp-content\/uploads\/2023\/10\/Scatola-da-3-1536x1029.jpg 1536w, https:\/\/www.tenutalaviola.it\/wp-content\/uploads\/2023\/10\/Scatola-da-3-2048x1371.jpg 2048w\" sizes=\"(max-width: 1024px) 100vw, 1024px\" \/><figcaption class=\"wp-element-caption\">Scatola da 3 bottiglie<\/figcaption><\/figure>\n\n\n\n<figure class=\"wp-block-image size-large\"><img decoding=\"async\" width=\"1024\" height=\"686\" data-attachment-id=\"3314\" data-permalink=\"https:\/\/www.tenutalaviola.it\/index.php\/it\/a-natale-regala-un-bottiglia-di-vino\/magnum-cartone\/\" data-orig-file=\"https:\/\/www.tenutalaviola.it\/wp-content\/uploads\/2023\/10\/Magnum-Cartone-scaled.jpg\" data-orig-size=\"2560,1714\" data-comments-opened=\"1\" data-image-meta=\"{&quot;aperture&quot;:&quot;0&quot;,&quot;credit&quot;:&quot;&quot;,&quot;camera&quot;:&quot;&quot;,&quot;caption&quot;:&quot;&quot;,&quot;created_timestamp&quot;:&quot;0&quot;,&quot;copyright&quot;:&quot;&quot;,&quot;focal_length&quot;:&quot;0&quot;,&quot;iso&quot;:&quot;0&quot;,&quot;shutter_speed&quot;:&quot;0&quot;,&quot;title&quot;:&quot;&quot;,&quot;orientation&quot;:&quot;0&quot;}\" data-image-title=\"Magnum Cartone\" data-image-description=\"\" data-image-caption=\"&lt;p&gt;Magnun &lt;\/p&gt;\n\" data-medium-file=\"https:\/\/www.tenutalaviola.it\/wp-content\/uploads\/2023\/10\/Magnum-Cartone-300x201.jpg\" data-large-file=\"https:\/\/www.tenutalaviola.it\/wp-content\/uploads\/2023\/10\/Magnum-Cartone-1024x686.jpg\" data-id=\"3314\" src=\"https:\/\/www.tenutalaviola.it\/wp-content\/uploads\/2023\/10\/Magnum-Cartone-1024x686.jpg\" alt=\"\" class=\"wp-image-3314\" srcset=\"https:\/\/www.tenutalaviola.it\/wp-content\/uploads\/2023\/10\/Magnum-Cartone-1024x686.jpg 1024w, https:\/\/www.tenutalaviola.it\/wp-content\/uploads\/2023\/10\/Magnum-Cartone-300x201.jpg 300w, https:\/\/www.tenutalaviola.it\/wp-content\/uploads\/2023\/10\/Magnum-Cartone-768x514.jpg 768w, https:\/\/www.tenutalaviola.it\/wp-content\/uploads\/2023\/10\/Magnum-Cartone-1536x1029.jpg 1536w, https:\/\/www.tenutalaviola.it\/wp-content\/uploads\/2023\/10\/Magnum-Cartone-2048x1371.jpg 2048w\" sizes=\"(max-width: 1024px) 100vw, 1024px\" \/><figcaption class=\"wp-element-caption\">Magnun <\/figcaption><\/figure>\n\n\n\n<figure class=\"wp-block-image size-large\"><img decoding=\"async\" width=\"1024\" height=\"764\" data-attachment-id=\"3310\" data-permalink=\"https:\/\/www.tenutalaviola.it\/index.php\/it\/a-natale-regala-un-bottiglia-di-vino\/scatola-da-2-legno\/\" data-orig-file=\"https:\/\/www.tenutalaviola.it\/wp-content\/uploads\/2023\/10\/Scatola-da-2-legno-scaled.jpg\" data-orig-size=\"2560,1910\" data-comments-opened=\"1\" data-image-meta=\"{&quot;aperture&quot;:&quot;0&quot;,&quot;credit&quot;:&quot;&quot;,&quot;camera&quot;:&quot;&quot;,&quot;caption&quot;:&quot;&quot;,&quot;created_timestamp&quot;:&quot;0&quot;,&quot;copyright&quot;:&quot;&quot;,&quot;focal_length&quot;:&quot;0&quot;,&quot;iso&quot;:&quot;0&quot;,&quot;shutter_speed&quot;:&quot;0&quot;,&quot;title&quot;:&quot;&quot;,&quot;orientation&quot;:&quot;0&quot;}\" data-image-title=\"Scatola da 2 legno\" data-image-description=\"\" data-image-caption=\"&lt;p&gt;Scatola di legno&lt;\/p&gt;\n\" data-medium-file=\"https:\/\/www.tenutalaviola.it\/wp-content\/uploads\/2023\/10\/Scatola-da-2-legno-300x224.jpg\" data-large-file=\"https:\/\/www.tenutalaviola.it\/wp-content\/uploads\/2023\/10\/Scatola-da-2-legno-1024x764.jpg\" data-id=\"3310\" src=\"https:\/\/www.tenutalaviola.it\/wp-content\/uploads\/2023\/10\/Scatola-da-2-legno-1024x764.jpg\" alt=\"\" class=\"wp-image-3310\" srcset=\"https:\/\/www.tenutalaviola.it\/wp-content\/uploads\/2023\/10\/Scatola-da-2-legno-1024x764.jpg 1024w, https:\/\/www.tenutalaviola.it\/wp-content\/uploads\/2023\/10\/Scatola-da-2-legno-300x224.jpg 300w, https:\/\/www.tenutalaviola.it\/wp-content\/uploads\/2023\/10\/Scatola-da-2-legno-768x573.jpg 768w, https:\/\/www.tenutalaviola.it\/wp-content\/uploads\/2023\/10\/Scatola-da-2-legno-1536x1146.jpg 1536w, https:\/\/www.tenutalaviola.it\/wp-content\/uploads\/2023\/10\/Scatola-da-2-legno-2048x1528.jpg 2048w\" sizes=\"(max-width: 1024px) 100vw, 1024px\" \/><figcaption class=\"wp-element-caption\">Scatola di legno<\/figcaption><\/figure>\n\n\n\n<figure class=\"wp-block-image size-large\"><img loading=\"lazy\" decoding=\"async\" width=\"1024\" height=\"827\" data-attachment-id=\"3309\" data-permalink=\"https:\/\/www.tenutalaviola.it\/index.php\/it\/a-natale-regala-un-bottiglia-di-vino\/magnum\/\" data-orig-file=\"https:\/\/www.tenutalaviola.it\/wp-content\/uploads\/2023\/10\/Magnum-scaled.jpg\" data-orig-size=\"2560,2068\" data-comments-opened=\"1\" data-image-meta=\"{&quot;aperture&quot;:&quot;0&quot;,&quot;credit&quot;:&quot;&quot;,&quot;camera&quot;:&quot;&quot;,&quot;caption&quot;:&quot;&quot;,&quot;created_timestamp&quot;:&quot;0&quot;,&quot;copyright&quot;:&quot;&quot;,&quot;focal_length&quot;:&quot;0&quot;,&quot;iso&quot;:&quot;0&quot;,&quot;shutter_speed&quot;:&quot;0&quot;,&quot;title&quot;:&quot;&quot;,&quot;orientation&quot;:&quot;0&quot;}\" data-image-title=\"Magnum\" data-image-description=\"\" data-image-caption=\"&lt;p&gt;Magnum in scatola di legno&lt;\/p&gt;\n\" data-medium-file=\"https:\/\/www.tenutalaviola.it\/wp-content\/uploads\/2023\/10\/Magnum-300x242.jpg\" data-large-file=\"https:\/\/www.tenutalaviola.it\/wp-content\/uploads\/2023\/10\/Magnum-1024x827.jpg\" data-id=\"3309\" src=\"https:\/\/www.tenutalaviola.it\/wp-content\/uploads\/2023\/10\/Magnum-1024x827.jpg\" alt=\"\" class=\"wp-image-3309\" srcset=\"https:\/\/www.tenutalaviola.it\/wp-content\/uploads\/2023\/10\/Magnum-1024x827.jpg 1024w, https:\/\/www.tenutalaviola.it\/wp-content\/uploads\/2023\/10\/Magnum-300x242.jpg 300w, https:\/\/www.tenutalaviola.it\/wp-content\/uploads\/2023\/10\/Magnum-768x620.jpg 768w, https:\/\/www.tenutalaviola.it\/wp-content\/uploads\/2023\/10\/Magnum-1536x1241.jpg 1536w, https:\/\/www.tenutalaviola.it\/wp-content\/uploads\/2023\/10\/Magnum-2048x1654.jpg 2048w\" sizes=\"(max-width: 1024px) 100vw, 1024px\" \/><figcaption class=\"wp-element-caption\">Magnum in scatola di legno<\/figcaption><\/figure>\n\n\n\n<figure class=\"wp-block-image size-large\"><img loading=\"lazy\" decoding=\"async\" width=\"1024\" height=\"687\" data-attachment-id=\"3306\" data-permalink=\"https:\/\/www.tenutalaviola.it\/index.php\/it\/a-natale-regala-un-bottiglia-di-vino\/scatola-da-2\/\" data-orig-file=\"https:\/\/www.tenutalaviola.it\/wp-content\/uploads\/2023\/10\/Scatola-da-2-scaled.jpg\" data-orig-size=\"2560,1717\" data-comments-opened=\"1\" data-image-meta=\"{&quot;aperture&quot;:&quot;0&quot;,&quot;credit&quot;:&quot;&quot;,&quot;camera&quot;:&quot;&quot;,&quot;caption&quot;:&quot;&quot;,&quot;created_timestamp&quot;:&quot;0&quot;,&quot;copyright&quot;:&quot;&quot;,&quot;focal_length&quot;:&quot;0&quot;,&quot;iso&quot;:&quot;0&quot;,&quot;shutter_speed&quot;:&quot;0&quot;,&quot;title&quot;:&quot;&quot;,&quot;orientation&quot;:&quot;0&quot;}\" data-image-title=\"Scatola da 2\" data-image-description=\"\" data-image-caption=\"&lt;p&gt;Scatola da 3 bottiglie&lt;\/p&gt;\n\" data-medium-file=\"https:\/\/www.tenutalaviola.it\/wp-content\/uploads\/2023\/10\/Scatola-da-2-300x201.jpg\" data-large-file=\"https:\/\/www.tenutalaviola.it\/wp-content\/uploads\/2023\/10\/Scatola-da-2-1024x687.jpg\" data-id=\"3306\" src=\"https:\/\/www.tenutalaviola.it\/wp-content\/uploads\/2023\/10\/Scatola-da-2-1024x687.jpg\" alt=\"\" class=\"wp-image-3306\" srcset=\"https:\/\/www.tenutalaviola.it\/wp-content\/uploads\/2023\/10\/Scatola-da-2-1024x687.jpg 1024w, https:\/\/www.tenutalaviola.it\/wp-content\/uploads\/2023\/10\/Scatola-da-2-300x201.jpg 300w, https:\/\/www.tenutalaviola.it\/wp-content\/uploads\/2023\/10\/Scatola-da-2-768x515.jpg 768w, https:\/\/www.tenutalaviola.it\/wp-content\/uploads\/2023\/10\/Scatola-da-2-1536x1030.jpg 1536w, https:\/\/www.tenutalaviola.it\/wp-content\/uploads\/2023\/10\/Scatola-da-2-2048x1373.jpg 2048w\" sizes=\"(max-width: 1024px) 100vw, 1024px\" \/><figcaption class=\"wp-element-caption\">Scatola da 2 bottiglie<\/figcaption><\/figure>\n<\/figure>\n\n\n\n<p><\/p>\n\n\n\n<p><strong>Scatola di cartone con due bottiglie a 20\u20ac<\/strong><\/p>\n\n\n\n<ul class=\"wp-block-list\">\n<li>Oddone 2022 &#8211; Romagna Sangiovese Superiore DOC<\/li>\n\n\n\n<li>Frangipane 2022 &#8211; Romagna Albana Secco DOCG<\/li>\n<\/ul>\n\n\n\n<p><strong>Scatola di cartone con tre bottiglie a 33\u20ac<\/strong><\/p>\n\n\n\n<ul class=\"wp-block-list\">\n<li>Oddone 2022 &#8211; Romagna Sangiovese Superiore DOC<\/li>\n\n\n\n<li>Il Colombarone 2021 &#8211; Romagna Sangiovese Bertinoro DOC<\/li>\n\n\n\n<li>Frangipane 2022 &#8211; Romagna Albana Secco DOCG<\/li>\n<\/ul>\n\n\n\n<p><strong>Scatola di cartone con tre bottiglie a 46\u20ac\u00a0\u00a0\u00a0\u00a0\u00a0\u00a0\u00a0\u00a0\u00a0\u00a0\u00a0\u00a0\u00a0\u00a0\u00a0\u00a0\u00a0\u00a0 \u00a0\u00a0\u00a0\u00a0\u00a0\u00a0\u00a0\u00a0\u00a0\u00a0\u00a0\u00a0\u00a0\u00a0\u00a0\u00a0\u00a0\u00a0\u00a0<\/strong><\/p>\n\n\n\n<ul class=\"wp-block-list\">\n<li>Il Colombarone 2021 &#8211; Romagna Sangiovese Bertinoro DOC<\/li>\n\n\n\n<li>P.Honorii 2019&nbsp;&#8211; Romagna Sangiovese Bertinoro Riserva DOC<\/li>\n\n\n\n<li>Frangipane 2022 &#8211; Romagna Albana Secco DOCG<\/li>\n<\/ul>\n\n\n\n<p>Se vuoi, c\u2019\u00e8 anche la possibilit\u00e0 di avere scatole di legno o bottiglie in formati speciali come i magnum di Il Colombarone e Petra Honorii. Per il Petra Honorii ci sono anche dei super magnum da 12 litri!!<\/p>\n\n\n\n<p>Facci sapere se la nostra proposta pu\u00f2 interessarti, ti invieremo il listino completo da cui scegliere i vini che pi\u00f9 desideri. Scrivici <a href=\"mailto:sales@tenutalaviola.it\">sales@tenutalaviola.it<\/a> oppure se preferisci chiamaci al numero 0543 445496 o passa in azienda da noi. <\/p>\n\n\n\n<p>Ricorda che puoi acquistare anche direttamente dal nostra enoteca online <a href=\"https:\/\/www.tenutalaviola.it\/wineshop\/\">https:\/\/www.tenutalaviola.it\/wineshop\/<\/a> e se sei una azienda chiedici un preventivo personalizzato!<\/p>\n\n\n<div class=\"wp-block-jetpack-contact-form\"><a href=\"https:\/\/www.tenutalaviola.it\/index.php\/it\/a-natale-regala-un-bottiglia-di-vino\/\" target=\"_blank\" rel=\"noopener noreferrer\">Invia un modulo.<\/a><\/div>","protected":false},"excerpt":{"rendered":"<p>anche quest\u2019anno siamo oramai prossimi al Natale e se non hai ancora pensato cosa regale alle persone a te care noi una proposta per te ce l\u2019abbiamo. Offrire in dono delle bottiglie di vino \u00e8 sempre un regalo prezioso nonch\u00e9 gradito e se poi il vino \u00e8 il nostro allora farai sicuramente colpo! Per l\u2019occasione abbiamo preparato alcuni esempi di confezioni regalo ma \u00e8 possibile scegliere altri vini tra le &hellip; <\/p>\n","protected":false},"author":1,"featured_media":905,"parent":0,"menu_order":0,"comment_status":"closed","ping_status":"closed","template":"page-templates\/grid-page.php","meta":{"jetpack_post_was_ever_published":false,"footnotes":""},"class_list":["post-3303","page","type-page","status-publish","has-post-thumbnail","hentry"],"yoast_head":"<!-- This site is optimized with the Yoast SEO plugin v26.6 - https:\/\/yoast.com\/wordpress\/plugins\/seo\/ -->\r\n<title>A Natale regala una bottiglia di Vino - Tenuta La Viola<\/title>\r\n<meta name=\"description\" content=\"Offrire in dono delle bottiglie di vino \u00e8 sempre un regalo prezioso nonch\u00e9 gradito e se poi il vino \u00e8 il nostro allora farai sicuramente colpo!\" \/>\r\n<meta name=\"robots\" content=\"index, follow, max-snippet:-1, max-image-preview:large, max-video-preview:-1\" \/>\r\n<link rel=\"canonical\" href=\"https:\/\/www.tenutalaviola.it\/index.php\/it\/a-natale-regala-un-bottiglia-di-vino\/\" \/>\r\n<meta property=\"og:locale\" content=\"it_IT\" \/>\r\n<meta property=\"og:type\" content=\"article\" \/>\r\n<meta property=\"og:title\" content=\"A Natale regala una bottiglia di Vino - Tenuta La Viola\" \/>\r\n<meta property=\"og:description\" content=\"Offrire in dono delle bottiglie di vino \u00e8 sempre un regalo prezioso nonch\u00e9 gradito e se poi il vino \u00e8 il nostro allora farai sicuramente colpo!\" \/>\r\n<meta property=\"og:url\" content=\"https:\/\/www.tenutalaviola.it\/index.php\/it\/a-natale-regala-un-bottiglia-di-vino\/\" \/>\r\n<meta property=\"og:site_name\" content=\"Tenuta La Viola\" \/>\r\n<meta property=\"article:publisher\" content=\"https:\/\/www.facebook.com\/tenutalaviola\/\" \/>\r\n<meta property=\"article:modified_time\" content=\"2023-10-29T19:53:35+00:00\" \/>\r\n<meta property=\"og:image\" content=\"https:\/\/www.tenutalaviola.it\/wp-content\/uploads\/2020\/11\/regali-natale-wine-lovers.jpg\" \/>\r\n\t<meta property=\"og:image:width\" content=\"1254\" \/>\r\n\t<meta property=\"og:image:height\" content=\"837\" \/>\r\n\t<meta property=\"og:image:type\" content=\"image\/jpeg\" \/>\r\n<meta name=\"twitter:card\" content=\"summary_large_image\" \/>\r\n<meta name=\"twitter:site\" content=\"@tenutalaviola\" \/>\r\n<meta name=\"twitter:label1\" content=\"Tempo di lettura stimato\" \/>\n\t<meta name=\"twitter:data1\" content=\"3 minuti\" \/>\r\n<script type=\"application\/ld+json\" class=\"yoast-schema-graph\">{\"@context\":\"https:\/\/schema.org\",\"@graph\":[{\"@type\":\"WebPage\",\"@id\":\"https:\/\/www.tenutalaviola.it\/index.php\/it\/a-natale-regala-un-bottiglia-di-vino\/\",\"url\":\"https:\/\/www.tenutalaviola.it\/index.php\/it\/a-natale-regala-un-bottiglia-di-vino\/\",\"name\":\"A Natale regala una bottiglia di Vino - Tenuta La Viola\",\"isPartOf\":{\"@id\":\"https:\/\/www.tenutalaviola.it\/#website\"},\"primaryImageOfPage\":{\"@id\":\"https:\/\/www.tenutalaviola.it\/index.php\/it\/a-natale-regala-un-bottiglia-di-vino\/#primaryimage\"},\"image\":{\"@id\":\"https:\/\/www.tenutalaviola.it\/index.php\/it\/a-natale-regala-un-bottiglia-di-vino\/#primaryimage\"},\"thumbnailUrl\":\"https:\/\/www.tenutalaviola.it\/wp-content\/uploads\/2020\/11\/regali-natale-wine-lovers.jpg\",\"datePublished\":\"2023-10-29T18:08:30+00:00\",\"dateModified\":\"2023-10-29T19:53:35+00:00\",\"description\":\"Offrire in dono delle bottiglie di vino \u00e8 sempre un regalo prezioso nonch\u00e9 gradito e se poi il vino \u00e8 il nostro allora farai sicuramente colpo!\",\"breadcrumb\":{\"@id\":\"https:\/\/www.tenutalaviola.it\/index.php\/it\/a-natale-regala-un-bottiglia-di-vino\/#breadcrumb\"},\"inLanguage\":\"it-IT\",\"potentialAction\":[{\"@type\":\"ReadAction\",\"target\":[\"https:\/\/www.tenutalaviola.it\/index.php\/it\/a-natale-regala-un-bottiglia-di-vino\/\"]}]},{\"@type\":\"ImageObject\",\"inLanguage\":\"it-IT\",\"@id\":\"https:\/\/www.tenutalaviola.it\/index.php\/it\/a-natale-regala-un-bottiglia-di-vino\/#primaryimage\",\"url\":\"https:\/\/www.tenutalaviola.it\/wp-content\/uploads\/2020\/11\/regali-natale-wine-lovers.jpg\",\"contentUrl\":\"https:\/\/www.tenutalaviola.it\/wp-content\/uploads\/2020\/11\/regali-natale-wine-lovers.jpg\",\"width\":1254,\"height\":837,\"caption\":\"Cropped shot of four people clinking glasses with red wine over wooden table with fairylights and merry christmas card\"},{\"@type\":\"BreadcrumbList\",\"@id\":\"https:\/\/www.tenutalaviola.it\/index.php\/it\/a-natale-regala-un-bottiglia-di-vino\/#breadcrumb\",\"itemListElement\":[{\"@type\":\"ListItem\",\"position\":1,\"name\":\"Home\",\"item\":\"https:\/\/www.tenutalaviola.it\/index.php\/en\/home-2\/\"},{\"@type\":\"ListItem\",\"position\":2,\"name\":\"A Natale regala una bottiglia di Vino\"}]},{\"@type\":\"WebSite\",\"@id\":\"https:\/\/www.tenutalaviola.it\/#website\",\"url\":\"https:\/\/www.tenutalaviola.it\/\",\"name\":\"Tenuta La Viola\",\"description\":\"The Italian Sangiovese wine producer\",\"publisher\":{\"@id\":\"https:\/\/www.tenutalaviola.it\/#organization\"},\"potentialAction\":[{\"@type\":\"SearchAction\",\"target\":{\"@type\":\"EntryPoint\",\"urlTemplate\":\"https:\/\/www.tenutalaviola.it\/?s={search_term_string}\"},\"query-input\":{\"@type\":\"PropertyValueSpecification\",\"valueRequired\":true,\"valueName\":\"search_term_string\"}}],\"inLanguage\":\"it-IT\"},{\"@type\":\"Organization\",\"@id\":\"https:\/\/www.tenutalaviola.it\/#organization\",\"name\":\"Tenuta La Viola\",\"url\":\"https:\/\/www.tenutalaviola.it\/\",\"logo\":{\"@type\":\"ImageObject\",\"inLanguage\":\"it-IT\",\"@id\":\"https:\/\/www.tenutalaviola.it\/#\/schema\/logo\/image\/\",\"url\":\"https:\/\/www.tenutalaviola.it\/wp-content\/uploads\/2016\/09\/siteicon.jpg\",\"contentUrl\":\"https:\/\/www.tenutalaviola.it\/wp-content\/uploads\/2016\/09\/siteicon.jpg\",\"width\":512,\"height\":512,\"caption\":\"Tenuta La Viola\"},\"image\":{\"@id\":\"https:\/\/www.tenutalaviola.it\/#\/schema\/logo\/image\/\"},\"sameAs\":[\"https:\/\/www.facebook.com\/tenutalaviola\/\",\"https:\/\/x.com\/tenutalaviola\",\"https:\/\/www.instagram.com\/tenutalaviola\/\"]}]}<\/script>\r\n<!-- \/ Yoast SEO plugin. -->","yoast_head_json":{"title":"A Natale regala una bottiglia di Vino - Tenuta La Viola","description":"Offrire in dono delle bottiglie di vino \u00e8 sempre un regalo prezioso nonch\u00e9 gradito e se poi il vino \u00e8 il nostro allora farai sicuramente colpo!","robots":{"index":"index","follow":"follow","max-snippet":"max-snippet:-1","max-image-preview":"max-image-preview:large","max-video-preview":"max-video-preview:-1"},"canonical":"https:\/\/www.tenutalaviola.it\/index.php\/it\/a-natale-regala-un-bottiglia-di-vino\/","og_locale":"it_IT","og_type":"article","og_title":"A Natale regala una bottiglia di Vino - Tenuta La Viola","og_description":"Offrire in dono delle bottiglie di vino \u00e8 sempre un regalo prezioso nonch\u00e9 gradito e se poi il vino \u00e8 il nostro allora farai sicuramente colpo!","og_url":"https:\/\/www.tenutalaviola.it\/index.php\/it\/a-natale-regala-un-bottiglia-di-vino\/","og_site_name":"Tenuta La Viola","article_publisher":"https:\/\/www.facebook.com\/tenutalaviola\/","article_modified_time":"2023-10-29T19:53:35+00:00","og_image":[{"width":1254,"height":837,"url":"https:\/\/www.tenutalaviola.it\/wp-content\/uploads\/2020\/11\/regali-natale-wine-lovers.jpg","type":"image\/jpeg"}],"twitter_card":"summary_large_image","twitter_site":"@tenutalaviola","twitter_misc":{"Tempo di lettura stimato":"3 minuti"},"schema":{"@context":"https:\/\/schema.org","@graph":[{"@type":"WebPage","@id":"https:\/\/www.tenutalaviola.it\/index.php\/it\/a-natale-regala-un-bottiglia-di-vino\/","url":"https:\/\/www.tenutalaviola.it\/index.php\/it\/a-natale-regala-un-bottiglia-di-vino\/","name":"A Natale regala una bottiglia di Vino - Tenuta La Viola","isPartOf":{"@id":"https:\/\/www.tenutalaviola.it\/#website"},"primaryImageOfPage":{"@id":"https:\/\/www.tenutalaviola.it\/index.php\/it\/a-natale-regala-un-bottiglia-di-vino\/#primaryimage"},"image":{"@id":"https:\/\/www.tenutalaviola.it\/index.php\/it\/a-natale-regala-un-bottiglia-di-vino\/#primaryimage"},"thumbnailUrl":"https:\/\/www.tenutalaviola.it\/wp-content\/uploads\/2020\/11\/regali-natale-wine-lovers.jpg","datePublished":"2023-10-29T18:08:30+00:00","dateModified":"2023-10-29T19:53:35+00:00","description":"Offrire in dono delle bottiglie di vino \u00e8 sempre un regalo prezioso nonch\u00e9 gradito e se poi il vino \u00e8 il nostro allora farai sicuramente colpo!","breadcrumb":{"@id":"https:\/\/www.tenutalaviola.it\/index.php\/it\/a-natale-regala-un-bottiglia-di-vino\/#breadcrumb"},"inLanguage":"it-IT","potentialAction":[{"@type":"ReadAction","target":["https:\/\/www.tenutalaviola.it\/index.php\/it\/a-natale-regala-un-bottiglia-di-vino\/"]}]},{"@type":"ImageObject","inLanguage":"it-IT","@id":"https:\/\/www.tenutalaviola.it\/index.php\/it\/a-natale-regala-un-bottiglia-di-vino\/#primaryimage","url":"https:\/\/www.tenutalaviola.it\/wp-content\/uploads\/2020\/11\/regali-natale-wine-lovers.jpg","contentUrl":"https:\/\/www.tenutalaviola.it\/wp-content\/uploads\/2020\/11\/regali-natale-wine-lovers.jpg","width":1254,"height":837,"caption":"Cropped shot of four people clinking glasses with red wine over wooden table with fairylights and merry christmas card"},{"@type":"BreadcrumbList","@id":"https:\/\/www.tenutalaviola.it\/index.php\/it\/a-natale-regala-un-bottiglia-di-vino\/#breadcrumb","itemListElement":[{"@type":"ListItem","position":1,"name":"Home","item":"https:\/\/www.tenutalaviola.it\/index.php\/en\/home-2\/"},{"@type":"ListItem","position":2,"name":"A Natale regala una bottiglia di Vino"}]},{"@type":"WebSite","@id":"https:\/\/www.tenutalaviola.it\/#website","url":"https:\/\/www.tenutalaviola.it\/","name":"Tenuta La Viola","description":"The Italian Sangiovese wine producer","publisher":{"@id":"https:\/\/www.tenutalaviola.it\/#organization"},"potentialAction":[{"@type":"SearchAction","target":{"@type":"EntryPoint","urlTemplate":"https:\/\/www.tenutalaviola.it\/?s={search_term_string}"},"query-input":{"@type":"PropertyValueSpecification","valueRequired":true,"valueName":"search_term_string"}}],"inLanguage":"it-IT"},{"@type":"Organization","@id":"https:\/\/www.tenutalaviola.it\/#organization","name":"Tenuta La Viola","url":"https:\/\/www.tenutalaviola.it\/","logo":{"@type":"ImageObject","inLanguage":"it-IT","@id":"https:\/\/www.tenutalaviola.it\/#\/schema\/logo\/image\/","url":"https:\/\/www.tenutalaviola.it\/wp-content\/uploads\/2016\/09\/siteicon.jpg","contentUrl":"https:\/\/www.tenutalaviola.it\/wp-content\/uploads\/2016\/09\/siteicon.jpg","width":512,"height":512,"caption":"Tenuta La Viola"},"image":{"@id":"https:\/\/www.tenutalaviola.it\/#\/schema\/logo\/image\/"},"sameAs":["https:\/\/www.facebook.com\/tenutalaviola\/","https:\/\/x.com\/tenutalaviola","https:\/\/www.instagram.com\/tenutalaviola\/"]}]}},"jetpack_sharing_enabled":true,"jetpack_shortlink":"https:\/\/wp.me\/P7T4su-Rh","_links":{"self":[{"href":"https:\/\/www.tenutalaviola.it\/index.php\/wp-json\/wp\/v2\/pages\/3303","targetHints":{"allow":["GET"]}}],"collection":[{"href":"https:\/\/www.tenutalaviola.it\/index.php\/wp-json\/wp\/v2\/pages"}],"about":[{"href":"https:\/\/www.tenutalaviola.it\/index.php\/wp-json\/wp\/v2\/types\/page"}],"author":[{"embeddable":true,"href":"https:\/\/www.tenutalaviola.it\/index.php\/wp-json\/wp\/v2\/users\/1"}],"replies":[{"embeddable":true,"href":"https:\/\/www.tenutalaviola.it\/index.php\/wp-json\/wp\/v2\/comments?post=3303"}],"version-history":[{"count":13,"href":"https:\/\/www.tenutalaviola.it\/index.php\/wp-json\/wp\/v2\/pages\/3303\/revisions"}],"predecessor-version":[{"id":3339,"href":"https:\/\/www.tenutalaviola.it\/index.php\/wp-json\/wp\/v2\/pages\/3303\/revisions\/3339"}],"wp:featuredmedia":[{"embeddable":true,"href":"https:\/\/www.tenutalaviola.it\/index.php\/wp-json\/wp\/v2\/media\/905"}],"wp:attachment":[{"href":"https:\/\/www.tenutalaviola.it\/index.php\/wp-json\/wp\/v2\/media?parent=3303"}],"curies":[{"name":"wp","href":"https:\/\/api.w.org\/{rel}","templated":true}]}}