{"id":45,"date":"2016-09-11T09:22:32","date_gmt":"2016-09-11T09:22:32","guid":{"rendered":"http:\/\/www.tenutalaviola.it\/?page_id=45"},"modified":"2021-02-27T10:00:05","modified_gmt":"2021-02-27T08:00:05","slug":"home","status":"publish","type":"page","link":"https:\/\/www.tenutalaviola.it\/index.php\/it\/home\/","title":{"rendered":"Home"},"content":{"rendered":"","protected":false},"excerpt":{"rendered":"","protected":false},"author":1,"featured_media":825,"parent":0,"menu_order":0,"comment_status":"closed","ping_status":"closed","template":"page-templates\/business-page.php","meta":{"jetpack_post_was_ever_published":false,"footnotes":""},"class_list":["post-45","page","type-page","status-publish","has-post-thumbnail","hentry"],"yoast_head":"<!-- This site is optimized with the Yoast SEO plugin v26.6 - https:\/\/yoast.com\/wordpress\/plugins\/seo\/ -->\r\n<title>Home - Tenuta La Viola<\/title>\r\n<meta name=\"description\" content=\"Tenuta La Viola Tenuta la Viola \u00e8 una cantina di Bertinoro, terra di vino ed ospitalit\u00e0. Per noi il vino \u00e8 passione, nella frenesia di questa vita, ci permette di restituire al tempo i suoi giusti ritmi. Crediamo che per ottenere vini importanti e piacevoli occorrano lunghi anni di lavoro e di attesa. Anni durante i quali la professionalit\u00e0 e la storia delle persone che vi lavorano contribuiscono in modo determinate ed unico alla qualit\u00e0 ed al carattere dei vini ottenuti.\" \/>\r\n<meta name=\"robots\" content=\"index, follow, max-snippet:-1, max-image-preview:large, max-video-preview:-1\" \/>\r\n<link rel=\"canonical\" href=\"https:\/\/www.tenutalaviola.it\/index.php\/it\/home\/\" \/>\r\n<meta property=\"og:locale\" content=\"it_IT\" \/>\r\n<meta property=\"og:type\" content=\"article\" \/>\r\n<meta property=\"og:title\" content=\"Home - Tenuta La Viola\" \/>\r\n<meta property=\"og:description\" content=\"Tenuta La Viola Tenuta la Viola \u00e8 una cantina di Bertinoro, terra di vino ed ospitalit\u00e0. Per noi il vino \u00e8 passione, nella frenesia di questa vita, ci permette di restituire al tempo i suoi giusti ritmi. Crediamo che per ottenere vini importanti e piacevoli occorrano lunghi anni di lavoro e di attesa. Anni durante i quali la professionalit\u00e0 e la storia delle persone che vi lavorano contribuiscono in modo determinate ed unico alla qualit\u00e0 ed al carattere dei vini ottenuti.\" \/>\r\n<meta property=\"og:url\" content=\"https:\/\/www.tenutalaviola.it\/index.php\/it\/home\/\" \/>\r\n<meta property=\"og:site_name\" content=\"Tenuta La Viola\" \/>\r\n<meta property=\"article:publisher\" content=\"https:\/\/www.facebook.com\/tenutalaviola\/\" \/>\r\n<meta property=\"article:modified_time\" content=\"2021-02-27T08:00:05+00:00\" \/>\r\n<meta property=\"og:image\" content=\"https:\/\/www.tenutalaviola.it\/wp-content\/uploads\/2020\/11\/Lidia.jpg\" \/>\r\n\t<meta property=\"og:image:width\" content=\"2048\" \/>\r\n\t<meta property=\"og:image:height\" content=\"1365\" \/>\r\n\t<meta property=\"og:image:type\" content=\"image\/jpeg\" \/>\r\n<meta name=\"twitter:card\" content=\"summary_large_image\" \/>\r\n<meta name=\"twitter:site\" content=\"@tenutalaviola\" \/>\r\n<script type=\"application\/ld+json\" class=\"yoast-schema-graph\">{\"@context\":\"https:\/\/schema.org\",\"@graph\":[{\"@type\":\"WebPage\",\"@id\":\"https:\/\/www.tenutalaviola.it\/index.php\/it\/home\/\",\"url\":\"https:\/\/www.tenutalaviola.it\/index.php\/it\/home\/\",\"name\":\"Home - Tenuta La Viola\",\"isPartOf\":{\"@id\":\"https:\/\/www.tenutalaviola.it\/#website\"},\"primaryImageOfPage\":{\"@id\":\"https:\/\/www.tenutalaviola.it\/index.php\/it\/home\/#primaryimage\"},\"image\":{\"@id\":\"https:\/\/www.tenutalaviola.it\/index.php\/it\/home\/#primaryimage\"},\"thumbnailUrl\":\"https:\/\/www.tenutalaviola.it\/wp-content\/uploads\/2020\/11\/Lidia.jpg\",\"datePublished\":\"2016-09-11T09:22:32+00:00\",\"dateModified\":\"2021-02-27T08:00:05+00:00\",\"description\":\"Tenuta La Viola Tenuta la Viola \u00e8 una cantina di Bertinoro, terra di vino ed ospitalit\u00e0. Per noi il vino \u00e8 passione, nella frenesia di questa vita, ci permette di restituire al tempo i suoi giusti ritmi. Crediamo che per ottenere vini importanti e piacevoli occorrano lunghi anni di lavoro e di attesa. Anni durante i quali la professionalit\u00e0 e la storia delle persone che vi lavorano contribuiscono in modo determinate ed unico alla qualit\u00e0 ed al carattere dei vini ottenuti.\",\"breadcrumb\":{\"@id\":\"https:\/\/www.tenutalaviola.it\/index.php\/it\/home\/#breadcrumb\"},\"inLanguage\":\"it-IT\",\"potentialAction\":[{\"@type\":\"ReadAction\",\"target\":[\"https:\/\/www.tenutalaviola.it\/index.php\/it\/home\/\"]}]},{\"@type\":\"ImageObject\",\"inLanguage\":\"it-IT\",\"@id\":\"https:\/\/www.tenutalaviola.it\/index.php\/it\/home\/#primaryimage\",\"url\":\"https:\/\/www.tenutalaviola.it\/wp-content\/uploads\/2020\/11\/Lidia.jpg\",\"contentUrl\":\"https:\/\/www.tenutalaviola.it\/wp-content\/uploads\/2020\/11\/Lidia.jpg\",\"width\":2048,\"height\":1365},{\"@type\":\"BreadcrumbList\",\"@id\":\"https:\/\/www.tenutalaviola.it\/index.php\/it\/home\/#breadcrumb\",\"itemListElement\":[{\"@type\":\"ListItem\",\"position\":1,\"name\":\"Home\",\"item\":\"https:\/\/www.tenutalaviola.it\/index.php\/en\/home-2\/\"},{\"@type\":\"ListItem\",\"position\":2,\"name\":\"Home\"}]},{\"@type\":\"WebSite\",\"@id\":\"https:\/\/www.tenutalaviola.it\/#website\",\"url\":\"https:\/\/www.tenutalaviola.it\/\",\"name\":\"Tenuta La Viola\",\"description\":\"The Italian Sangiovese wine producer\",\"publisher\":{\"@id\":\"https:\/\/www.tenutalaviola.it\/#organization\"},\"potentialAction\":[{\"@type\":\"SearchAction\",\"target\":{\"@type\":\"EntryPoint\",\"urlTemplate\":\"https:\/\/www.tenutalaviola.it\/?s={search_term_string}\"},\"query-input\":{\"@type\":\"PropertyValueSpecification\",\"valueRequired\":true,\"valueName\":\"search_term_string\"}}],\"inLanguage\":\"it-IT\"},{\"@type\":\"Organization\",\"@id\":\"https:\/\/www.tenutalaviola.it\/#organization\",\"name\":\"Tenuta La Viola\",\"url\":\"https:\/\/www.tenutalaviola.it\/\",\"logo\":{\"@type\":\"ImageObject\",\"inLanguage\":\"it-IT\",\"@id\":\"https:\/\/www.tenutalaviola.it\/#\/schema\/logo\/image\/\",\"url\":\"https:\/\/www.tenutalaviola.it\/wp-content\/uploads\/2016\/09\/siteicon.jpg\",\"contentUrl\":\"https:\/\/www.tenutalaviola.it\/wp-content\/uploads\/2016\/09\/siteicon.jpg\",\"width\":512,\"height\":512,\"caption\":\"Tenuta La Viola\"},\"image\":{\"@id\":\"https:\/\/www.tenutalaviola.it\/#\/schema\/logo\/image\/\"},\"sameAs\":[\"https:\/\/www.facebook.com\/tenutalaviola\/\",\"https:\/\/x.com\/tenutalaviola\",\"https:\/\/www.instagram.com\/tenutalaviola\/\"]}]}<\/script>\r\n<!-- \/ Yoast SEO plugin. -->","yoast_head_json":{"title":"Home - Tenuta La Viola","description":"Tenuta La Viola Tenuta la Viola \u00e8 una cantina di Bertinoro, terra di vino ed ospitalit\u00e0. Per noi il vino \u00e8 passione, nella frenesia di questa vita, ci permette di restituire al tempo i suoi giusti ritmi. Crediamo che per ottenere vini importanti e piacevoli occorrano lunghi anni di lavoro e di attesa. Anni durante i quali la professionalit\u00e0 e la storia delle persone che vi lavorano contribuiscono in modo determinate ed unico alla qualit\u00e0 ed al carattere dei vini ottenuti.","robots":{"index":"index","follow":"follow","max-snippet":"max-snippet:-1","max-image-preview":"max-image-preview:large","max-video-preview":"max-video-preview:-1"},"canonical":"https:\/\/www.tenutalaviola.it\/index.php\/it\/home\/","og_locale":"it_IT","og_type":"article","og_title":"Home - Tenuta La Viola","og_description":"Tenuta La Viola Tenuta la Viola \u00e8 una cantina di Bertinoro, terra di vino ed ospitalit\u00e0. Per noi il vino \u00e8 passione, nella frenesia di questa vita, ci permette di restituire al tempo i suoi giusti ritmi. Crediamo che per ottenere vini importanti e piacevoli occorrano lunghi anni di lavoro e di attesa. Anni durante i quali la professionalit\u00e0 e la storia delle persone che vi lavorano contribuiscono in modo determinate ed unico alla qualit\u00e0 ed al carattere dei vini ottenuti.","og_url":"https:\/\/www.tenutalaviola.it\/index.php\/it\/home\/","og_site_name":"Tenuta La Viola","article_publisher":"https:\/\/www.facebook.com\/tenutalaviola\/","article_modified_time":"2021-02-27T08:00:05+00:00","og_image":[{"width":2048,"height":1365,"url":"https:\/\/www.tenutalaviola.it\/wp-content\/uploads\/2020\/11\/Lidia.jpg","type":"image\/jpeg"}],"twitter_card":"summary_large_image","twitter_site":"@tenutalaviola","schema":{"@context":"https:\/\/schema.org","@graph":[{"@type":"WebPage","@id":"https:\/\/www.tenutalaviola.it\/index.php\/it\/home\/","url":"https:\/\/www.tenutalaviola.it\/index.php\/it\/home\/","name":"Home - Tenuta La Viola","isPartOf":{"@id":"https:\/\/www.tenutalaviola.it\/#website"},"primaryImageOfPage":{"@id":"https:\/\/www.tenutalaviola.it\/index.php\/it\/home\/#primaryimage"},"image":{"@id":"https:\/\/www.tenutalaviola.it\/index.php\/it\/home\/#primaryimage"},"thumbnailUrl":"https:\/\/www.tenutalaviola.it\/wp-content\/uploads\/2020\/11\/Lidia.jpg","datePublished":"2016-09-11T09:22:32+00:00","dateModified":"2021-02-27T08:00:05+00:00","description":"Tenuta La Viola Tenuta la Viola \u00e8 una cantina di Bertinoro, terra di vino ed ospitalit\u00e0. Per noi il vino \u00e8 passione, nella frenesia di questa vita, ci permette di restituire al tempo i suoi giusti ritmi. Crediamo che per ottenere vini importanti e piacevoli occorrano lunghi anni di lavoro e di attesa. Anni durante i quali la professionalit\u00e0 e la storia delle persone che vi lavorano contribuiscono in modo determinate ed unico alla qualit\u00e0 ed al carattere dei vini ottenuti.","breadcrumb":{"@id":"https:\/\/www.tenutalaviola.it\/index.php\/it\/home\/#breadcrumb"},"inLanguage":"it-IT","potentialAction":[{"@type":"ReadAction","target":["https:\/\/www.tenutalaviola.it\/index.php\/it\/home\/"]}]},{"@type":"ImageObject","inLanguage":"it-IT","@id":"https:\/\/www.tenutalaviola.it\/index.php\/it\/home\/#primaryimage","url":"https:\/\/www.tenutalaviola.it\/wp-content\/uploads\/2020\/11\/Lidia.jpg","contentUrl":"https:\/\/www.tenutalaviola.it\/wp-content\/uploads\/2020\/11\/Lidia.jpg","width":2048,"height":1365},{"@type":"BreadcrumbList","@id":"https:\/\/www.tenutalaviola.it\/index.php\/it\/home\/#breadcrumb","itemListElement":[{"@type":"ListItem","position":1,"name":"Home","item":"https:\/\/www.tenutalaviola.it\/index.php\/en\/home-2\/"},{"@type":"ListItem","position":2,"name":"Home"}]},{"@type":"WebSite","@id":"https:\/\/www.tenutalaviola.it\/#website","url":"https:\/\/www.tenutalaviola.it\/","name":"Tenuta La Viola","description":"The Italian Sangiovese wine producer","publisher":{"@id":"https:\/\/www.tenutalaviola.it\/#organization"},"potentialAction":[{"@type":"SearchAction","target":{"@type":"EntryPoint","urlTemplate":"https:\/\/www.tenutalaviola.it\/?s={search_term_string}"},"query-input":{"@type":"PropertyValueSpecification","valueRequired":true,"valueName":"search_term_string"}}],"inLanguage":"it-IT"},{"@type":"Organization","@id":"https:\/\/www.tenutalaviola.it\/#organization","name":"Tenuta La Viola","url":"https:\/\/www.tenutalaviola.it\/","logo":{"@type":"ImageObject","inLanguage":"it-IT","@id":"https:\/\/www.tenutalaviola.it\/#\/schema\/logo\/image\/","url":"https:\/\/www.tenutalaviola.it\/wp-content\/uploads\/2016\/09\/siteicon.jpg","contentUrl":"https:\/\/www.tenutalaviola.it\/wp-content\/uploads\/2016\/09\/siteicon.jpg","width":512,"height":512,"caption":"Tenuta La Viola"},"image":{"@id":"https:\/\/www.tenutalaviola.it\/#\/schema\/logo\/image\/"},"sameAs":["https:\/\/www.facebook.com\/tenutalaviola\/","https:\/\/x.com\/tenutalaviola","https:\/\/www.instagram.com\/tenutalaviola\/"]}]}},"jetpack_sharing_enabled":true,"jetpack_shortlink":"https:\/\/wp.me\/P7T4su-J","_links":{"self":[{"href":"https:\/\/www.tenutalaviola.it\/index.php\/wp-json\/wp\/v2\/pages\/45","targetHints":{"allow":["GET"]}}],"collection":[{"href":"https:\/\/www.tenutalaviola.it\/index.php\/wp-json\/wp\/v2\/pages"}],"about":[{"href":"https:\/\/www.tenutalaviola.it\/index.php\/wp-json\/wp\/v2\/types\/page"}],"author":[{"embeddable":true,"href":"https:\/\/www.tenutalaviola.it\/index.php\/wp-json\/wp\/v2\/users\/1"}],"replies":[{"embeddable":true,"href":"https:\/\/www.tenutalaviola.it\/index.php\/wp-json\/wp\/v2\/comments?post=45"}],"version-history":[{"count":14,"href":"https:\/\/www.tenutalaviola.it\/index.php\/wp-json\/wp\/v2\/pages\/45\/revisions"}],"predecessor-version":[{"id":1045,"href":"https:\/\/www.tenutalaviola.it\/index.php\/wp-json\/wp\/v2\/pages\/45\/revisions\/1045"}],"wp:featuredmedia":[{"embeddable":true,"href":"https:\/\/www.tenutalaviola.it\/index.php\/wp-json\/wp\/v2\/media\/825"}],"wp:attachment":[{"href":"https:\/\/www.tenutalaviola.it\/index.php\/wp-json\/wp\/v2\/media?parent=45"}],"curies":[{"name":"wp","href":"https:\/\/api.w.org\/{rel}","templated":true}]}}