{"id":512,"date":"2020-04-27T20:45:10","date_gmt":"2020-04-27T20:45:10","guid":{"rendered":"http:\/\/www.tenutalaviola.it\/?page_id=512"},"modified":"2022-01-15T11:00:48","modified_gmt":"2022-01-15T09:00:48","slug":"frangipane","status":"publish","type":"page","link":"https:\/\/www.tenutalaviola.it\/index.php\/it\/frangipane\/","title":{"rendered":"Frangipane"},"content":{"rendered":"\n<p><strong><span class=\"has-inline-color has-vivid-red-color\">ROMAGNA ALBANA SECCO DONOMINAZIONE DI ORIGINE CONTROLLATA E GARANTITA<\/span><\/strong><\/p>\n\n\n\n<p><em>Questo vino \u00e8 per noi un ritorno al passato quando l\u2019Albana era il principale vitigno vinificato in azienda.&nbsp; Il nome Frangipane si riferisce alla omonima Contessa di Bertinoro &nbsp;\u201cAldruda Frangipane\u201d della quale si ricorda l\u2019eroica partecipazione alla difesa di Ancona, assediata dalle truppe imperiali germaniche.<\/em><\/p>\n\n\n\n<div class=\"wp-block-columns is-layout-flex wp-container-core-columns-is-layout-9d6595d7 wp-block-columns-is-layout-flex\">\n<div class=\"wp-block-column is-layout-flow wp-block-column-is-layout-flow\" style=\"flex-basis:66.66%\">\n<p><strong>Denominazione:<\/strong> Romagna Albana Secco DOCG<\/p>\n\n\n\n<p><strong>Vigneto:<\/strong> le uve provengono da una vigna di propriet\u00e0 in localit\u00e0 San Martino<\/p>\n\n\n\n<p><strong>Allevamento<\/strong>: 4.500 piante per ettaro allevate con sistema a duplex e 5.000 piante per ettaro allevate a  guyot <\/p>\n\n\n\n<p><strong>Vitigni:<\/strong> Albana in purezza<\/p>\n\n\n\n<p><strong>Altimetria:<\/strong> 100-200 metri<\/p>\n\n\n\n<p><strong>Raccolta delle uve:<\/strong> primi di Settembre a mano e cernita in campo<\/p>\n\n\n\n<p><strong>Vinificazione:<\/strong> fermentazione alcolica con lieviti indigeni a temperatura controllata<\/p>\n\n\n\n<p><strong>Evoluzione:<\/strong> sulle sue fecce fini per 4\/5 mesi<\/p>\n\n\n\n<p><strong>Affinamento:<\/strong> in vetro per almeno 1 mese<\/p>\n\n\n\n<p><strong>Produzione media:<\/strong>&nbsp; 6.000 bottiglie<\/p>\n\n\n\n<p><strong>Caratteristiche organolettiche:<\/strong> Frangipane \u00e8 un vino cui la freschezza e la sapidit\u00e0 ne caratterizzano il gusto. Il colore \u00e8 tenue segno di una vinificazione di uve all&#8217;inizio della maturazione.&nbsp; In bocca prevale l\u2019acidit\u00e0 e sapidit\u00e0 che gli conferiscono una piacevole bevibilit\u00e0.<\/p>\n<\/div>\n\n\n\n<div class=\"wp-block-column is-layout-flow wp-block-column-is-layout-flow\" style=\"flex-basis:33.33%\">\n<figure class=\"wp-block-gallery columns-1 is-cropped wp-block-gallery-1 is-layout-flex wp-block-gallery-is-layout-flex\"><ul class=\"blocks-gallery-grid\"><li class=\"blocks-gallery-item\"><figure><img fetchpriority=\"high\" decoding=\"async\" width=\"690\" height=\"1024\" data-attachment-id=\"514\" data-permalink=\"https:\/\/www.tenutalaviola.it\/index.php\/it\/frangipane\/frangipane-2018\/\" data-orig-file=\"https:\/\/www.tenutalaviola.it\/wp-content\/uploads\/2020\/04\/Frangipane-2018-scaled.jpg\" data-orig-size=\"1724,2560\" data-comments-opened=\"1\" data-image-meta=\"{&quot;aperture&quot;:&quot;0&quot;,&quot;credit&quot;:&quot;Stefano Gabellini&quot;,&quot;camera&quot;:&quot;&quot;,&quot;caption&quot;:&quot;&quot;,&quot;created_timestamp&quot;:&quot;1555178403&quot;,&quot;copyright&quot;:&quot;2014&quot;,&quot;focal_length&quot;:&quot;0&quot;,&quot;iso&quot;:&quot;0&quot;,&quot;shutter_speed&quot;:&quot;0&quot;,&quot;title&quot;:&quot;&quot;,&quot;orientation&quot;:&quot;0&quot;}\" data-image-title=\"Frangipane 2018\" data-image-description=\"\" data-image-caption=\"\" data-medium-file=\"https:\/\/www.tenutalaviola.it\/wp-content\/uploads\/2020\/04\/Frangipane-2018-202x300.jpg\" data-large-file=\"https:\/\/www.tenutalaviola.it\/wp-content\/uploads\/2020\/04\/Frangipane-2018-690x1024.jpg\" src=\"https:\/\/www.tenutalaviola.it\/wp-content\/uploads\/2020\/04\/Frangipane-2018-690x1024.jpg\" alt=\"\" data-id=\"514\" data-full-url=\"https:\/\/www.tenutalaviola.it\/wp-content\/uploads\/2020\/04\/Frangipane-2018-scaled.jpg\" data-link=\"https:\/\/www.tenutalaviola.it\/?attachment_id=514\" class=\"wp-image-514\" srcset=\"https:\/\/www.tenutalaviola.it\/wp-content\/uploads\/2020\/04\/Frangipane-2018-690x1024.jpg 690w, https:\/\/www.tenutalaviola.it\/wp-content\/uploads\/2020\/04\/Frangipane-2018-202x300.jpg 202w, https:\/\/www.tenutalaviola.it\/wp-content\/uploads\/2020\/04\/Frangipane-2018-768x1140.jpg 768w, https:\/\/www.tenutalaviola.it\/wp-content\/uploads\/2020\/04\/Frangipane-2018-1035x1536.jpg 1035w, https:\/\/www.tenutalaviola.it\/wp-content\/uploads\/2020\/04\/Frangipane-2018-1379x2048.jpg 1379w, https:\/\/www.tenutalaviola.it\/wp-content\/uploads\/2020\/04\/Frangipane-2018-scaled.jpg 1724w\" sizes=\"(max-width: 690px) 100vw, 690px\" \/><\/figure><\/li><\/ul><\/figure>\n<\/div>\n<\/div>\n\n\n\n<div class=\"wp-block-buttons is-layout-flex wp-block-buttons-is-layout-flex\">\n<div class=\"wp-block-button is-style-outline is-style-outline--2\"><a class=\"wp-block-button__link\" href=\"https:\/\/www.tenutalaviola.it\/wineshop\/index.php\/product\/frangipane-x-6\/\">ACQUISTA<\/a><\/div>\n<\/div>\n","protected":false},"excerpt":{"rendered":"<p>ROMAGNA ALBANA SECCO DONOMINAZIONE DI ORIGINE CONTROLLATA E GARANTITA Questo vino \u00e8 per noi un ritorno al passato quando l\u2019Albana era il principale vitigno vinificato in azienda.&nbsp; Il nome Frangipane si riferisce alla omonima Contessa di Bertinoro &nbsp;\u201cAldruda Frangipane\u201d della quale si ricorda l\u2019eroica partecipazione alla difesa di Ancona, assediata dalle truppe imperiali germaniche. Denominazione: Romagna Albana Secco DOCG Vigneto: le uve provengono da una vigna di propriet\u00e0 in localit\u00e0 &hellip; <\/p>\n","protected":false},"author":1,"featured_media":513,"parent":0,"menu_order":0,"comment_status":"closed","ping_status":"closed","template":"page-templates\/grid-page.php","meta":{"jetpack_post_was_ever_published":false,"footnotes":""},"class_list":["post-512","page","type-page","status-publish","has-post-thumbnail","hentry"],"yoast_head":"<!-- This site is optimized with the Yoast SEO plugin v26.6 - https:\/\/yoast.com\/wordpress\/plugins\/seo\/ -->\r\n<title>Frangipane - Tenuta La Viola<\/title>\r\n<meta name=\"robots\" content=\"index, follow, max-snippet:-1, max-image-preview:large, max-video-preview:-1\" \/>\r\n<link rel=\"canonical\" href=\"https:\/\/www.tenutalaviola.it\/index.php\/it\/frangipane\/\" \/>\r\n<meta property=\"og:locale\" content=\"it_IT\" \/>\r\n<meta property=\"og:type\" content=\"article\" \/>\r\n<meta property=\"og:title\" content=\"Frangipane - Tenuta La Viola\" \/>\r\n<meta property=\"og:description\" content=\"ROMAGNA ALBANA SECCO DONOMINAZIONE DI ORIGINE CONTROLLATA E GARANTITA Questo vino \u00e8 per noi un ritorno al passato quando l\u2019Albana era il principale vitigno vinificato in azienda.&nbsp; Il nome Frangipane si riferisce alla omonima Contessa di Bertinoro &nbsp;\u201cAldruda Frangipane\u201d della quale si ricorda l\u2019eroica partecipazione alla difesa di Ancona, assediata dalle truppe imperiali germaniche. Denominazione: Romagna Albana Secco DOCG Vigneto: le uve provengono da una vigna di propriet\u00e0 in localit\u00e0 &hellip;\" \/>\r\n<meta property=\"og:url\" content=\"https:\/\/www.tenutalaviola.it\/index.php\/it\/frangipane\/\" \/>\r\n<meta property=\"og:site_name\" content=\"Tenuta La Viola\" \/>\r\n<meta property=\"article:publisher\" content=\"https:\/\/www.facebook.com\/tenutalaviola\/\" \/>\r\n<meta property=\"article:modified_time\" content=\"2022-01-15T09:00:48+00:00\" \/>\r\n<meta property=\"og:image\" content=\"https:\/\/www.tenutalaviola.it\/wp-content\/uploads\/2020\/04\/Albana.jpg\" \/>\r\n\t<meta property=\"og:image:width\" content=\"960\" \/>\r\n\t<meta property=\"og:image:height\" content=\"640\" \/>\r\n\t<meta property=\"og:image:type\" content=\"image\/jpeg\" \/>\r\n<meta name=\"twitter:card\" content=\"summary_large_image\" \/>\r\n<meta name=\"twitter:site\" content=\"@tenutalaviola\" \/>\r\n<meta name=\"twitter:label1\" content=\"Tempo di lettura stimato\" \/>\n\t<meta name=\"twitter:data1\" content=\"2 minuti\" \/>\r\n<script type=\"application\/ld+json\" class=\"yoast-schema-graph\">{\"@context\":\"https:\/\/schema.org\",\"@graph\":[{\"@type\":\"WebPage\",\"@id\":\"https:\/\/www.tenutalaviola.it\/index.php\/it\/frangipane\/\",\"url\":\"https:\/\/www.tenutalaviola.it\/index.php\/it\/frangipane\/\",\"name\":\"Frangipane - Tenuta La Viola\",\"isPartOf\":{\"@id\":\"https:\/\/www.tenutalaviola.it\/#website\"},\"primaryImageOfPage\":{\"@id\":\"https:\/\/www.tenutalaviola.it\/index.php\/it\/frangipane\/#primaryimage\"},\"image\":{\"@id\":\"https:\/\/www.tenutalaviola.it\/index.php\/it\/frangipane\/#primaryimage\"},\"thumbnailUrl\":\"https:\/\/www.tenutalaviola.it\/wp-content\/uploads\/2020\/04\/Albana.jpg\",\"datePublished\":\"2020-04-27T20:45:10+00:00\",\"dateModified\":\"2022-01-15T09:00:48+00:00\",\"breadcrumb\":{\"@id\":\"https:\/\/www.tenutalaviola.it\/index.php\/it\/frangipane\/#breadcrumb\"},\"inLanguage\":\"it-IT\",\"potentialAction\":[{\"@type\":\"ReadAction\",\"target\":[\"https:\/\/www.tenutalaviola.it\/index.php\/it\/frangipane\/\"]}]},{\"@type\":\"ImageObject\",\"inLanguage\":\"it-IT\",\"@id\":\"https:\/\/www.tenutalaviola.it\/index.php\/it\/frangipane\/#primaryimage\",\"url\":\"https:\/\/www.tenutalaviola.it\/wp-content\/uploads\/2020\/04\/Albana.jpg\",\"contentUrl\":\"https:\/\/www.tenutalaviola.it\/wp-content\/uploads\/2020\/04\/Albana.jpg\",\"width\":960,\"height\":640},{\"@type\":\"BreadcrumbList\",\"@id\":\"https:\/\/www.tenutalaviola.it\/index.php\/it\/frangipane\/#breadcrumb\",\"itemListElement\":[{\"@type\":\"ListItem\",\"position\":1,\"name\":\"Home\",\"item\":\"https:\/\/www.tenutalaviola.it\/index.php\/en\/home-2\/\"},{\"@type\":\"ListItem\",\"position\":2,\"name\":\"Frangipane\"}]},{\"@type\":\"WebSite\",\"@id\":\"https:\/\/www.tenutalaviola.it\/#website\",\"url\":\"https:\/\/www.tenutalaviola.it\/\",\"name\":\"Tenuta La Viola\",\"description\":\"The Italian Sangiovese wine producer\",\"publisher\":{\"@id\":\"https:\/\/www.tenutalaviola.it\/#organization\"},\"potentialAction\":[{\"@type\":\"SearchAction\",\"target\":{\"@type\":\"EntryPoint\",\"urlTemplate\":\"https:\/\/www.tenutalaviola.it\/?s={search_term_string}\"},\"query-input\":{\"@type\":\"PropertyValueSpecification\",\"valueRequired\":true,\"valueName\":\"search_term_string\"}}],\"inLanguage\":\"it-IT\"},{\"@type\":\"Organization\",\"@id\":\"https:\/\/www.tenutalaviola.it\/#organization\",\"name\":\"Tenuta La Viola\",\"url\":\"https:\/\/www.tenutalaviola.it\/\",\"logo\":{\"@type\":\"ImageObject\",\"inLanguage\":\"it-IT\",\"@id\":\"https:\/\/www.tenutalaviola.it\/#\/schema\/logo\/image\/\",\"url\":\"https:\/\/www.tenutalaviola.it\/wp-content\/uploads\/2016\/09\/siteicon.jpg\",\"contentUrl\":\"https:\/\/www.tenutalaviola.it\/wp-content\/uploads\/2016\/09\/siteicon.jpg\",\"width\":512,\"height\":512,\"caption\":\"Tenuta La Viola\"},\"image\":{\"@id\":\"https:\/\/www.tenutalaviola.it\/#\/schema\/logo\/image\/\"},\"sameAs\":[\"https:\/\/www.facebook.com\/tenutalaviola\/\",\"https:\/\/x.com\/tenutalaviola\",\"https:\/\/www.instagram.com\/tenutalaviola\/\"]}]}<\/script>\r\n<!-- \/ Yoast SEO plugin. -->","yoast_head_json":{"title":"Frangipane - Tenuta La Viola","robots":{"index":"index","follow":"follow","max-snippet":"max-snippet:-1","max-image-preview":"max-image-preview:large","max-video-preview":"max-video-preview:-1"},"canonical":"https:\/\/www.tenutalaviola.it\/index.php\/it\/frangipane\/","og_locale":"it_IT","og_type":"article","og_title":"Frangipane - Tenuta La Viola","og_description":"ROMAGNA ALBANA SECCO DONOMINAZIONE DI ORIGINE CONTROLLATA E GARANTITA Questo vino \u00e8 per noi un ritorno al passato quando l\u2019Albana era il principale vitigno vinificato in azienda.&nbsp; Il nome Frangipane si riferisce alla omonima Contessa di Bertinoro &nbsp;\u201cAldruda Frangipane\u201d della quale si ricorda l\u2019eroica partecipazione alla difesa di Ancona, assediata dalle truppe imperiali germaniche. Denominazione: Romagna Albana Secco DOCG Vigneto: le uve provengono da una vigna di propriet\u00e0 in localit\u00e0 &hellip;","og_url":"https:\/\/www.tenutalaviola.it\/index.php\/it\/frangipane\/","og_site_name":"Tenuta La Viola","article_publisher":"https:\/\/www.facebook.com\/tenutalaviola\/","article_modified_time":"2022-01-15T09:00:48+00:00","og_image":[{"width":960,"height":640,"url":"https:\/\/www.tenutalaviola.it\/wp-content\/uploads\/2020\/04\/Albana.jpg","type":"image\/jpeg"}],"twitter_card":"summary_large_image","twitter_site":"@tenutalaviola","twitter_misc":{"Tempo di lettura stimato":"2 minuti"},"schema":{"@context":"https:\/\/schema.org","@graph":[{"@type":"WebPage","@id":"https:\/\/www.tenutalaviola.it\/index.php\/it\/frangipane\/","url":"https:\/\/www.tenutalaviola.it\/index.php\/it\/frangipane\/","name":"Frangipane - Tenuta La Viola","isPartOf":{"@id":"https:\/\/www.tenutalaviola.it\/#website"},"primaryImageOfPage":{"@id":"https:\/\/www.tenutalaviola.it\/index.php\/it\/frangipane\/#primaryimage"},"image":{"@id":"https:\/\/www.tenutalaviola.it\/index.php\/it\/frangipane\/#primaryimage"},"thumbnailUrl":"https:\/\/www.tenutalaviola.it\/wp-content\/uploads\/2020\/04\/Albana.jpg","datePublished":"2020-04-27T20:45:10+00:00","dateModified":"2022-01-15T09:00:48+00:00","breadcrumb":{"@id":"https:\/\/www.tenutalaviola.it\/index.php\/it\/frangipane\/#breadcrumb"},"inLanguage":"it-IT","potentialAction":[{"@type":"ReadAction","target":["https:\/\/www.tenutalaviola.it\/index.php\/it\/frangipane\/"]}]},{"@type":"ImageObject","inLanguage":"it-IT","@id":"https:\/\/www.tenutalaviola.it\/index.php\/it\/frangipane\/#primaryimage","url":"https:\/\/www.tenutalaviola.it\/wp-content\/uploads\/2020\/04\/Albana.jpg","contentUrl":"https:\/\/www.tenutalaviola.it\/wp-content\/uploads\/2020\/04\/Albana.jpg","width":960,"height":640},{"@type":"BreadcrumbList","@id":"https:\/\/www.tenutalaviola.it\/index.php\/it\/frangipane\/#breadcrumb","itemListElement":[{"@type":"ListItem","position":1,"name":"Home","item":"https:\/\/www.tenutalaviola.it\/index.php\/en\/home-2\/"},{"@type":"ListItem","position":2,"name":"Frangipane"}]},{"@type":"WebSite","@id":"https:\/\/www.tenutalaviola.it\/#website","url":"https:\/\/www.tenutalaviola.it\/","name":"Tenuta La Viola","description":"The Italian Sangiovese wine producer","publisher":{"@id":"https:\/\/www.tenutalaviola.it\/#organization"},"potentialAction":[{"@type":"SearchAction","target":{"@type":"EntryPoint","urlTemplate":"https:\/\/www.tenutalaviola.it\/?s={search_term_string}"},"query-input":{"@type":"PropertyValueSpecification","valueRequired":true,"valueName":"search_term_string"}}],"inLanguage":"it-IT"},{"@type":"Organization","@id":"https:\/\/www.tenutalaviola.it\/#organization","name":"Tenuta La Viola","url":"https:\/\/www.tenutalaviola.it\/","logo":{"@type":"ImageObject","inLanguage":"it-IT","@id":"https:\/\/www.tenutalaviola.it\/#\/schema\/logo\/image\/","url":"https:\/\/www.tenutalaviola.it\/wp-content\/uploads\/2016\/09\/siteicon.jpg","contentUrl":"https:\/\/www.tenutalaviola.it\/wp-content\/uploads\/2016\/09\/siteicon.jpg","width":512,"height":512,"caption":"Tenuta La Viola"},"image":{"@id":"https:\/\/www.tenutalaviola.it\/#\/schema\/logo\/image\/"},"sameAs":["https:\/\/www.facebook.com\/tenutalaviola\/","https:\/\/x.com\/tenutalaviola","https:\/\/www.instagram.com\/tenutalaviola\/"]}]}},"jetpack_sharing_enabled":true,"jetpack_shortlink":"https:\/\/wp.me\/P7T4su-8g","_links":{"self":[{"href":"https:\/\/www.tenutalaviola.it\/index.php\/wp-json\/wp\/v2\/pages\/512","targetHints":{"allow":["GET"]}}],"collection":[{"href":"https:\/\/www.tenutalaviola.it\/index.php\/wp-json\/wp\/v2\/pages"}],"about":[{"href":"https:\/\/www.tenutalaviola.it\/index.php\/wp-json\/wp\/v2\/types\/page"}],"author":[{"embeddable":true,"href":"https:\/\/www.tenutalaviola.it\/index.php\/wp-json\/wp\/v2\/users\/1"}],"replies":[{"embeddable":true,"href":"https:\/\/www.tenutalaviola.it\/index.php\/wp-json\/wp\/v2\/comments?post=512"}],"version-history":[{"count":9,"href":"https:\/\/www.tenutalaviola.it\/index.php\/wp-json\/wp\/v2\/pages\/512\/revisions"}],"predecessor-version":[{"id":1523,"href":"https:\/\/www.tenutalaviola.it\/index.php\/wp-json\/wp\/v2\/pages\/512\/revisions\/1523"}],"wp:featuredmedia":[{"embeddable":true,"href":"https:\/\/www.tenutalaviola.it\/index.php\/wp-json\/wp\/v2\/media\/513"}],"wp:attachment":[{"href":"https:\/\/www.tenutalaviola.it\/index.php\/wp-json\/wp\/v2\/media?parent=512"}],"curies":[{"name":"wp","href":"https:\/\/api.w.org\/{rel}","templated":true}]}}