{"id":532,"date":"2020-04-27T21:34:55","date_gmt":"2020-04-27T21:34:55","guid":{"rendered":"http:\/\/www.tenutalaviola.it\/?page_id=532"},"modified":"2022-01-14T21:37:01","modified_gmt":"2022-01-14T19:37:01","slug":"venticinque","status":"publish","type":"page","link":"https:\/\/www.tenutalaviola.it\/index.php\/it\/venticinque\/","title":{"rendered":"Venticinque"},"content":{"rendered":"\n<p><strong><span class=\"has-inline-color has-vivid-red-color\">FORLI ROSSO INDICAZIONE GEOGRAFICA TIPICA<\/span><\/strong><\/p>\n\n\n\n<p><em>\u00c8 un progetto sul quale abbiamo scommesso dal 2005 &nbsp;e che gi\u00e0 allora prometteva successi nel tempo a venire.<\/em><em> <\/em><em>Questo vino di taglio bordolese con un pizzico di Sangiovese \u00e8 l\u2019espressione di come vitigni internazionali &#8211; quali il Cabernet Sauvignon e il Merlot \u2013 riescono a raggiungere in terra di Romagna produzioni di qualit\u00e0 eccellente. I vigneti da cui provengono queste uve sono quelli della particella aziendale numero 25, che danno il nome del vino stesso.<\/em><em><\/em><\/p>\n\n\n\n<div class=\"wp-block-columns is-layout-flex wp-container-core-columns-is-layout-9d6595d7 wp-block-columns-is-layout-flex\">\n<div class=\"wp-block-column is-layout-flow wp-block-column-is-layout-flow\" style=\"flex-basis:66.66%\">\n<p><strong>Denominazione:<\/strong> &nbsp;Igt Forli Rosso<\/p>\n\n\n\n<p><strong>Vigneto:<\/strong>   Le uve provengono vigneti coltivati direttamente <\/p>\n\n\n\n<p><strong>Allevamento:<\/strong> \u00a04.800 piante per ettaro, allevate a cordone speronato<\/p>\n\n\n\n<p><strong>Vitigni:<\/strong>&nbsp; 45%&nbsp; Cabernet&nbsp; Sauvignon,&nbsp; 45%&nbsp; Merlot,&nbsp; 10% Sangiovese<\/p>\n\n\n\n<p><strong>Altimetria:<\/strong> 100 metri sul livello del mare<\/p>\n\n\n\n<p><strong>Raccolta delle uve:<\/strong> in Settembre, interamente a mano e cernita in campo<\/p>\n\n\n\n<p><strong>Vinificazione:<\/strong>\u00a0 fermentazione alcolica in vasche d\u2019acciaio <\/p>\n\n\n\n<p><strong>Evoluzione:<\/strong> in tonneaux per circa 12 mesi<\/p>\n\n\n\n<p><strong>Affinamento: <\/strong>In bottiglia per almeno 4 mesi<\/p>\n\n\n\n<p><strong>Produzione media:<\/strong> 2.000 bottiglie<\/p>\n\n\n\n<p><strong>Caratteristiche organolettiche:<\/strong> Dolci frutti rossi: come il ribes, mora e ciliegia matura con una nota speziata dolce e delicata. Vino dalla grande struttura, molto equilibrato, dove il legno sostiene e amplifica il frutto dei &nbsp;vitigni che lo compongono. Di notevole avvolgenza e&nbsp; lunghezza gustativa che lascia una scia minerale vellutata.<\/p>\n<\/div>\n\n\n\n<div class=\"wp-block-column is-layout-flow wp-block-column-is-layout-flow\" style=\"flex-basis:33.33%\">\n<figure class=\"wp-block-gallery columns-1 is-cropped wp-block-gallery-1 is-layout-flex wp-block-gallery-is-layout-flex\"><ul class=\"blocks-gallery-grid\"><li class=\"blocks-gallery-item\"><figure><img fetchpriority=\"high\" decoding=\"async\" width=\"688\" height=\"1024\" data-attachment-id=\"533\" data-permalink=\"https:\/\/www.tenutalaviola.it\/index.php\/it\/venticinque\/venticinque-2015\/\" data-orig-file=\"https:\/\/www.tenutalaviola.it\/wp-content\/uploads\/2020\/04\/Venticinque-2015-scaled.jpg\" data-orig-size=\"1719,2560\" data-comments-opened=\"1\" data-image-meta=\"{&quot;aperture&quot;:&quot;0&quot;,&quot;credit&quot;:&quot;Stefano Gabellini&quot;,&quot;camera&quot;:&quot;&quot;,&quot;caption&quot;:&quot;&quot;,&quot;created_timestamp&quot;:&quot;1555178491&quot;,&quot;copyright&quot;:&quot;2014&quot;,&quot;focal_length&quot;:&quot;0&quot;,&quot;iso&quot;:&quot;0&quot;,&quot;shutter_speed&quot;:&quot;0&quot;,&quot;title&quot;:&quot;&quot;,&quot;orientation&quot;:&quot;0&quot;}\" data-image-title=\"Venticinque 2015\" data-image-description=\"\" data-image-caption=\"\" data-medium-file=\"https:\/\/www.tenutalaviola.it\/wp-content\/uploads\/2020\/04\/Venticinque-2015-201x300.jpg\" data-large-file=\"https:\/\/www.tenutalaviola.it\/wp-content\/uploads\/2020\/04\/Venticinque-2015-688x1024.jpg\" src=\"https:\/\/www.tenutalaviola.it\/wp-content\/uploads\/2020\/04\/Venticinque-2015-688x1024.jpg\" alt=\"\" data-id=\"533\" data-full-url=\"https:\/\/www.tenutalaviola.it\/wp-content\/uploads\/2020\/04\/Venticinque-2015-scaled.jpg\" data-link=\"https:\/\/www.tenutalaviola.it\/?attachment_id=533\" class=\"wp-image-533\" srcset=\"https:\/\/www.tenutalaviola.it\/wp-content\/uploads\/2020\/04\/Venticinque-2015-688x1024.jpg 688w, https:\/\/www.tenutalaviola.it\/wp-content\/uploads\/2020\/04\/Venticinque-2015-201x300.jpg 201w, https:\/\/www.tenutalaviola.it\/wp-content\/uploads\/2020\/04\/Venticinque-2015-768x1143.jpg 768w, https:\/\/www.tenutalaviola.it\/wp-content\/uploads\/2020\/04\/Venticinque-2015-1032x1536.jpg 1032w, https:\/\/www.tenutalaviola.it\/wp-content\/uploads\/2020\/04\/Venticinque-2015-1376x2048.jpg 1376w, https:\/\/www.tenutalaviola.it\/wp-content\/uploads\/2020\/04\/Venticinque-2015-scaled.jpg 1719w\" sizes=\"(max-width: 688px) 100vw, 688px\" \/><\/figure><\/li><\/ul><\/figure>\n<\/div>\n<\/div>\n\n\n\n<div class=\"wp-block-buttons is-layout-flex wp-block-buttons-is-layout-flex\">\n<div class=\"wp-block-button is-style-outline is-style-outline--2\"><a class=\"wp-block-button__link\" href=\"https:\/\/www.tenutalaviola.it\/wineshop\/index.php\/product\/venticique-x-6\/\">ACQUISTA<\/a><\/div>\n<\/div>\n","protected":false},"excerpt":{"rendered":"<p>FORLI ROSSO INDICAZIONE GEOGRAFICA TIPICA \u00c8 un progetto sul quale abbiamo scommesso dal 2005 &nbsp;e che gi\u00e0 allora prometteva successi nel tempo a venire. Questo vino di taglio bordolese con un pizzico di Sangiovese \u00e8 l\u2019espressione di come vitigni internazionali &#8211; quali il Cabernet Sauvignon e il Merlot \u2013 riescono a raggiungere in terra di Romagna produzioni di qualit\u00e0 eccellente. I vigneti da cui provengono queste uve sono quelli della &hellip; <\/p>\n","protected":false},"author":1,"featured_media":534,"parent":0,"menu_order":0,"comment_status":"closed","ping_status":"closed","template":"page-templates\/grid-page.php","meta":{"jetpack_post_was_ever_published":false,"footnotes":""},"class_list":["post-532","page","type-page","status-publish","has-post-thumbnail","hentry"],"yoast_head":"<!-- This site is optimized with the Yoast SEO plugin v26.6 - https:\/\/yoast.com\/wordpress\/plugins\/seo\/ -->\r\n<title>Venticinque - Tenuta La Viola<\/title>\r\n<meta name=\"robots\" content=\"index, follow, max-snippet:-1, max-image-preview:large, max-video-preview:-1\" \/>\r\n<link rel=\"canonical\" href=\"https:\/\/www.tenutalaviola.it\/index.php\/it\/venticinque\/\" \/>\r\n<meta property=\"og:locale\" content=\"it_IT\" \/>\r\n<meta property=\"og:type\" content=\"article\" \/>\r\n<meta property=\"og:title\" content=\"Venticinque - Tenuta La Viola\" \/>\r\n<meta property=\"og:description\" content=\"FORLI ROSSO INDICAZIONE GEOGRAFICA TIPICA \u00c8 un progetto sul quale abbiamo scommesso dal 2005 &nbsp;e che gi\u00e0 allora prometteva successi nel tempo a venire. Questo vino di taglio bordolese con un pizzico di Sangiovese \u00e8 l\u2019espressione di come vitigni internazionali &#8211; quali il Cabernet Sauvignon e il Merlot \u2013 riescono a raggiungere in terra di Romagna produzioni di qualit\u00e0 eccellente. I vigneti da cui provengono queste uve sono quelli della &hellip;\" \/>\r\n<meta property=\"og:url\" content=\"https:\/\/www.tenutalaviola.it\/index.php\/it\/venticinque\/\" \/>\r\n<meta property=\"og:site_name\" content=\"Tenuta La Viola\" \/>\r\n<meta property=\"article:publisher\" content=\"https:\/\/www.facebook.com\/tenutalaviola\/\" \/>\r\n<meta property=\"article:modified_time\" content=\"2022-01-14T19:37:01+00:00\" \/>\r\n<meta property=\"og:image\" content=\"https:\/\/www.tenutalaviola.it\/wp-content\/uploads\/2020\/04\/Grappolo.jpg\" \/>\r\n\t<meta property=\"og:image:width\" content=\"960\" \/>\r\n\t<meta property=\"og:image:height\" content=\"640\" \/>\r\n\t<meta property=\"og:image:type\" content=\"image\/jpeg\" \/>\r\n<meta name=\"twitter:card\" content=\"summary_large_image\" \/>\r\n<meta name=\"twitter:site\" content=\"@tenutalaviola\" \/>\r\n<meta name=\"twitter:label1\" content=\"Tempo di lettura stimato\" \/>\n\t<meta name=\"twitter:data1\" content=\"2 minuti\" \/>\r\n<script type=\"application\/ld+json\" class=\"yoast-schema-graph\">{\"@context\":\"https:\/\/schema.org\",\"@graph\":[{\"@type\":\"WebPage\",\"@id\":\"https:\/\/www.tenutalaviola.it\/index.php\/it\/venticinque\/\",\"url\":\"https:\/\/www.tenutalaviola.it\/index.php\/it\/venticinque\/\",\"name\":\"Venticinque - Tenuta La Viola\",\"isPartOf\":{\"@id\":\"https:\/\/www.tenutalaviola.it\/#website\"},\"primaryImageOfPage\":{\"@id\":\"https:\/\/www.tenutalaviola.it\/index.php\/it\/venticinque\/#primaryimage\"},\"image\":{\"@id\":\"https:\/\/www.tenutalaviola.it\/index.php\/it\/venticinque\/#primaryimage\"},\"thumbnailUrl\":\"https:\/\/www.tenutalaviola.it\/wp-content\/uploads\/2020\/04\/Grappolo.jpg\",\"datePublished\":\"2020-04-27T21:34:55+00:00\",\"dateModified\":\"2022-01-14T19:37:01+00:00\",\"breadcrumb\":{\"@id\":\"https:\/\/www.tenutalaviola.it\/index.php\/it\/venticinque\/#breadcrumb\"},\"inLanguage\":\"it-IT\",\"potentialAction\":[{\"@type\":\"ReadAction\",\"target\":[\"https:\/\/www.tenutalaviola.it\/index.php\/it\/venticinque\/\"]}]},{\"@type\":\"ImageObject\",\"inLanguage\":\"it-IT\",\"@id\":\"https:\/\/www.tenutalaviola.it\/index.php\/it\/venticinque\/#primaryimage\",\"url\":\"https:\/\/www.tenutalaviola.it\/wp-content\/uploads\/2020\/04\/Grappolo.jpg\",\"contentUrl\":\"https:\/\/www.tenutalaviola.it\/wp-content\/uploads\/2020\/04\/Grappolo.jpg\",\"width\":960,\"height\":640},{\"@type\":\"BreadcrumbList\",\"@id\":\"https:\/\/www.tenutalaviola.it\/index.php\/it\/venticinque\/#breadcrumb\",\"itemListElement\":[{\"@type\":\"ListItem\",\"position\":1,\"name\":\"Home\",\"item\":\"https:\/\/www.tenutalaviola.it\/index.php\/en\/home-2\/\"},{\"@type\":\"ListItem\",\"position\":2,\"name\":\"Venticinque\"}]},{\"@type\":\"WebSite\",\"@id\":\"https:\/\/www.tenutalaviola.it\/#website\",\"url\":\"https:\/\/www.tenutalaviola.it\/\",\"name\":\"Tenuta La Viola\",\"description\":\"The Italian Sangiovese wine producer\",\"publisher\":{\"@id\":\"https:\/\/www.tenutalaviola.it\/#organization\"},\"potentialAction\":[{\"@type\":\"SearchAction\",\"target\":{\"@type\":\"EntryPoint\",\"urlTemplate\":\"https:\/\/www.tenutalaviola.it\/?s={search_term_string}\"},\"query-input\":{\"@type\":\"PropertyValueSpecification\",\"valueRequired\":true,\"valueName\":\"search_term_string\"}}],\"inLanguage\":\"it-IT\"},{\"@type\":\"Organization\",\"@id\":\"https:\/\/www.tenutalaviola.it\/#organization\",\"name\":\"Tenuta La Viola\",\"url\":\"https:\/\/www.tenutalaviola.it\/\",\"logo\":{\"@type\":\"ImageObject\",\"inLanguage\":\"it-IT\",\"@id\":\"https:\/\/www.tenutalaviola.it\/#\/schema\/logo\/image\/\",\"url\":\"https:\/\/www.tenutalaviola.it\/wp-content\/uploads\/2016\/09\/siteicon.jpg\",\"contentUrl\":\"https:\/\/www.tenutalaviola.it\/wp-content\/uploads\/2016\/09\/siteicon.jpg\",\"width\":512,\"height\":512,\"caption\":\"Tenuta La Viola\"},\"image\":{\"@id\":\"https:\/\/www.tenutalaviola.it\/#\/schema\/logo\/image\/\"},\"sameAs\":[\"https:\/\/www.facebook.com\/tenutalaviola\/\",\"https:\/\/x.com\/tenutalaviola\",\"https:\/\/www.instagram.com\/tenutalaviola\/\"]}]}<\/script>\r\n<!-- \/ Yoast SEO plugin. -->","yoast_head_json":{"title":"Venticinque - Tenuta La Viola","robots":{"index":"index","follow":"follow","max-snippet":"max-snippet:-1","max-image-preview":"max-image-preview:large","max-video-preview":"max-video-preview:-1"},"canonical":"https:\/\/www.tenutalaviola.it\/index.php\/it\/venticinque\/","og_locale":"it_IT","og_type":"article","og_title":"Venticinque - Tenuta La Viola","og_description":"FORLI ROSSO INDICAZIONE GEOGRAFICA TIPICA \u00c8 un progetto sul quale abbiamo scommesso dal 2005 &nbsp;e che gi\u00e0 allora prometteva successi nel tempo a venire. Questo vino di taglio bordolese con un pizzico di Sangiovese \u00e8 l\u2019espressione di come vitigni internazionali &#8211; quali il Cabernet Sauvignon e il Merlot \u2013 riescono a raggiungere in terra di Romagna produzioni di qualit\u00e0 eccellente. I vigneti da cui provengono queste uve sono quelli della &hellip;","og_url":"https:\/\/www.tenutalaviola.it\/index.php\/it\/venticinque\/","og_site_name":"Tenuta La Viola","article_publisher":"https:\/\/www.facebook.com\/tenutalaviola\/","article_modified_time":"2022-01-14T19:37:01+00:00","og_image":[{"width":960,"height":640,"url":"https:\/\/www.tenutalaviola.it\/wp-content\/uploads\/2020\/04\/Grappolo.jpg","type":"image\/jpeg"}],"twitter_card":"summary_large_image","twitter_site":"@tenutalaviola","twitter_misc":{"Tempo di lettura stimato":"2 minuti"},"schema":{"@context":"https:\/\/schema.org","@graph":[{"@type":"WebPage","@id":"https:\/\/www.tenutalaviola.it\/index.php\/it\/venticinque\/","url":"https:\/\/www.tenutalaviola.it\/index.php\/it\/venticinque\/","name":"Venticinque - Tenuta La Viola","isPartOf":{"@id":"https:\/\/www.tenutalaviola.it\/#website"},"primaryImageOfPage":{"@id":"https:\/\/www.tenutalaviola.it\/index.php\/it\/venticinque\/#primaryimage"},"image":{"@id":"https:\/\/www.tenutalaviola.it\/index.php\/it\/venticinque\/#primaryimage"},"thumbnailUrl":"https:\/\/www.tenutalaviola.it\/wp-content\/uploads\/2020\/04\/Grappolo.jpg","datePublished":"2020-04-27T21:34:55+00:00","dateModified":"2022-01-14T19:37:01+00:00","breadcrumb":{"@id":"https:\/\/www.tenutalaviola.it\/index.php\/it\/venticinque\/#breadcrumb"},"inLanguage":"it-IT","potentialAction":[{"@type":"ReadAction","target":["https:\/\/www.tenutalaviola.it\/index.php\/it\/venticinque\/"]}]},{"@type":"ImageObject","inLanguage":"it-IT","@id":"https:\/\/www.tenutalaviola.it\/index.php\/it\/venticinque\/#primaryimage","url":"https:\/\/www.tenutalaviola.it\/wp-content\/uploads\/2020\/04\/Grappolo.jpg","contentUrl":"https:\/\/www.tenutalaviola.it\/wp-content\/uploads\/2020\/04\/Grappolo.jpg","width":960,"height":640},{"@type":"BreadcrumbList","@id":"https:\/\/www.tenutalaviola.it\/index.php\/it\/venticinque\/#breadcrumb","itemListElement":[{"@type":"ListItem","position":1,"name":"Home","item":"https:\/\/www.tenutalaviola.it\/index.php\/en\/home-2\/"},{"@type":"ListItem","position":2,"name":"Venticinque"}]},{"@type":"WebSite","@id":"https:\/\/www.tenutalaviola.it\/#website","url":"https:\/\/www.tenutalaviola.it\/","name":"Tenuta La Viola","description":"The Italian Sangiovese wine producer","publisher":{"@id":"https:\/\/www.tenutalaviola.it\/#organization"},"potentialAction":[{"@type":"SearchAction","target":{"@type":"EntryPoint","urlTemplate":"https:\/\/www.tenutalaviola.it\/?s={search_term_string}"},"query-input":{"@type":"PropertyValueSpecification","valueRequired":true,"valueName":"search_term_string"}}],"inLanguage":"it-IT"},{"@type":"Organization","@id":"https:\/\/www.tenutalaviola.it\/#organization","name":"Tenuta La Viola","url":"https:\/\/www.tenutalaviola.it\/","logo":{"@type":"ImageObject","inLanguage":"it-IT","@id":"https:\/\/www.tenutalaviola.it\/#\/schema\/logo\/image\/","url":"https:\/\/www.tenutalaviola.it\/wp-content\/uploads\/2016\/09\/siteicon.jpg","contentUrl":"https:\/\/www.tenutalaviola.it\/wp-content\/uploads\/2016\/09\/siteicon.jpg","width":512,"height":512,"caption":"Tenuta La Viola"},"image":{"@id":"https:\/\/www.tenutalaviola.it\/#\/schema\/logo\/image\/"},"sameAs":["https:\/\/www.facebook.com\/tenutalaviola\/","https:\/\/x.com\/tenutalaviola","https:\/\/www.instagram.com\/tenutalaviola\/"]}]}},"jetpack_sharing_enabled":true,"jetpack_shortlink":"https:\/\/wp.me\/P7T4su-8A","_links":{"self":[{"href":"https:\/\/www.tenutalaviola.it\/index.php\/wp-json\/wp\/v2\/pages\/532","targetHints":{"allow":["GET"]}}],"collection":[{"href":"https:\/\/www.tenutalaviola.it\/index.php\/wp-json\/wp\/v2\/pages"}],"about":[{"href":"https:\/\/www.tenutalaviola.it\/index.php\/wp-json\/wp\/v2\/types\/page"}],"author":[{"embeddable":true,"href":"https:\/\/www.tenutalaviola.it\/index.php\/wp-json\/wp\/v2\/users\/1"}],"replies":[{"embeddable":true,"href":"https:\/\/www.tenutalaviola.it\/index.php\/wp-json\/wp\/v2\/comments?post=532"}],"version-history":[{"count":6,"href":"https:\/\/www.tenutalaviola.it\/index.php\/wp-json\/wp\/v2\/pages\/532\/revisions"}],"predecessor-version":[{"id":1492,"href":"https:\/\/www.tenutalaviola.it\/index.php\/wp-json\/wp\/v2\/pages\/532\/revisions\/1492"}],"wp:featuredmedia":[{"embeddable":true,"href":"https:\/\/www.tenutalaviola.it\/index.php\/wp-json\/wp\/v2\/media\/534"}],"wp:attachment":[{"href":"https:\/\/www.tenutalaviola.it\/index.php\/wp-json\/wp\/v2\/media?parent=532"}],"curies":[{"name":"wp","href":"https:\/\/api.w.org\/{rel}","templated":true}]}}