{"id":593,"date":"2020-05-01T12:09:40","date_gmt":"2020-05-01T10:09:40","guid":{"rendered":"http:\/\/www.tenutalaviola.it\/?page_id=593"},"modified":"2022-01-14T21:25:19","modified_gmt":"2022-01-14T19:25:19","slug":"interra-rosso","status":"publish","type":"page","link":"https:\/\/www.tenutalaviola.it\/index.php\/it\/interra-rosso\/","title":{"rendered":"InTerra Rosso"},"content":{"rendered":"\n<p><strong><span class=\"has-inline-color has-vivid-red-color\">ROMAGNA SANGIOVESE SUPERIORE DENOMINAZIONE DI ORIGINE CONTROLLATA<\/span><\/strong><\/p>\n\n\n\n<p><em>Questo vino nasce dal desiderio di vinificare le uve cosi come si faceva una volta. Una ricerca di esperienze che ci appartengono ma che abbiamo abbandonato e dimenticato negli anni. InTerra perch\u00e9 fatto dentro la terra dalla quale le sue uve provengono, un vino ancestrale capace di conciliare il presente con il nostro passato.<\/em><\/p>\n\n\n\n<div class=\"wp-block-columns is-layout-flex wp-container-core-columns-is-layout-9d6595d7 wp-block-columns-is-layout-flex\">\n<div class=\"wp-block-column is-layout-flow wp-block-column-is-layout-flow\" style=\"flex-basis:66.66%\">\n<p><strong>Denominazione:<\/strong> &nbsp;Romagna Sangiovese Superiore DOC<\/p>\n\n\n\n<p><strong>Vigneto:<\/strong> Le uve provengono da una piccola vigna di propriet\u00e0 denominata Vigna del Sole<\/p>\n\n\n\n<p><strong>Allevamento:<\/strong> 4.800 piante per ettaro allevate a cordone speronato<\/p>\n\n\n\n<p><strong>Vitigni:<\/strong> Sangiovese in purezza<\/p>\n\n\n\n<p><strong>Altimetria:<\/strong> 100 metri<\/p>\n\n\n\n<p><strong>Raccolta delle uve:<\/strong> in Settembre, interamente a mano e cernita sul campo<\/p>\n\n\n\n<p><strong>Vinificazione:<\/strong> fermentazione alcolica con lieviti indigeni e macerazione sulle bucce per 60 giorni in anfora Georgiana da 400 e 600 litri<\/p>\n\n\n\n<p><strong>Evoluzione:<\/strong> In anfora per 8\/9 mesi<\/p>\n\n\n\n<p><strong>Produzione media:\u00a0<\/strong> 1.300 bottiglie<\/p>\n\n\n\n<p><strong>Affinamento:<\/strong> In vetro per almeno 6 mesi<\/p>\n\n\n\n<p><strong>Caratteristiche organolettiche<\/strong>: InTerra \u00e8 un vino ancestrale Al naso \u00e8 balsamico, con sentori minerali. In bocca \u00e8 vivo, fitto e maturo nella trama tannica, agile e molto equilibrato. Vibrante sul finale con il suo frutto austero.<\/p>\n<\/div>\n\n\n\n<div class=\"wp-block-column is-layout-flow wp-block-column-is-layout-flow\" style=\"flex-basis:33.33%\">\n<figure class=\"wp-block-gallery columns-1 is-cropped wp-block-gallery-1 is-layout-flex wp-block-gallery-is-layout-flex\"><ul class=\"blocks-gallery-grid\"><li class=\"blocks-gallery-item\"><figure><img fetchpriority=\"high\" decoding=\"async\" width=\"692\" height=\"1024\" data-attachment-id=\"553\" data-permalink=\"https:\/\/www.tenutalaviola.it\/index.php\/it\/bollegio-rose\/interra-rosso-2018\/\" data-orig-file=\"https:\/\/www.tenutalaviola.it\/wp-content\/uploads\/2020\/04\/InTerra-Rosso-2018-scaled.jpg\" data-orig-size=\"1729,2560\" data-comments-opened=\"1\" data-image-meta=\"{&quot;aperture&quot;:&quot;0&quot;,&quot;credit&quot;:&quot;Stefano Gabellini&quot;,&quot;camera&quot;:&quot;&quot;,&quot;caption&quot;:&quot;&quot;,&quot;created_timestamp&quot;:&quot;1555178654&quot;,&quot;copyright&quot;:&quot;2014&quot;,&quot;focal_length&quot;:&quot;0&quot;,&quot;iso&quot;:&quot;0&quot;,&quot;shutter_speed&quot;:&quot;0&quot;,&quot;title&quot;:&quot;&quot;,&quot;orientation&quot;:&quot;0&quot;}\" data-image-title=\"InTerra Rosso 2018\" data-image-description=\"\" data-image-caption=\"\" data-medium-file=\"https:\/\/www.tenutalaviola.it\/wp-content\/uploads\/2020\/04\/InTerra-Rosso-2018-203x300.jpg\" data-large-file=\"https:\/\/www.tenutalaviola.it\/wp-content\/uploads\/2020\/04\/InTerra-Rosso-2018-692x1024.jpg\" src=\"https:\/\/www.tenutalaviola.it\/wp-content\/uploads\/2020\/04\/InTerra-Rosso-2018-692x1024.jpg\" alt=\"\" data-id=\"553\" data-full-url=\"https:\/\/www.tenutalaviola.it\/wp-content\/uploads\/2020\/04\/InTerra-Rosso-2018-scaled.jpg\" data-link=\"https:\/\/www.tenutalaviola.it\/index.php\/it\/bollegio-rose\/interra-rosso-2018\/\" class=\"wp-image-553\" srcset=\"https:\/\/www.tenutalaviola.it\/wp-content\/uploads\/2020\/04\/InTerra-Rosso-2018-692x1024.jpg 692w, https:\/\/www.tenutalaviola.it\/wp-content\/uploads\/2020\/04\/InTerra-Rosso-2018-203x300.jpg 203w, https:\/\/www.tenutalaviola.it\/wp-content\/uploads\/2020\/04\/InTerra-Rosso-2018-768x1137.jpg 768w, https:\/\/www.tenutalaviola.it\/wp-content\/uploads\/2020\/04\/InTerra-Rosso-2018-1037x1536.jpg 1037w, https:\/\/www.tenutalaviola.it\/wp-content\/uploads\/2020\/04\/InTerra-Rosso-2018-1383x2048.jpg 1383w, https:\/\/www.tenutalaviola.it\/wp-content\/uploads\/2020\/04\/InTerra-Rosso-2018-scaled.jpg 1729w\" sizes=\"(max-width: 692px) 100vw, 692px\" \/><\/figure><\/li><\/ul><\/figure>\n<\/div>\n<\/div>\n\n\n\n<div class=\"wp-block-buttons is-layout-flex wp-block-buttons-is-layout-flex\">\n<div class=\"wp-block-button is-style-outline is-style-outline--2\"><a class=\"wp-block-button__link\" href=\"https:\/\/www.tenutalaviola.it\/wineshop\/index.php\/product\/interra-rosso-x-6\/\">ACQUISTA<\/a><\/div>\n<\/div>\n","protected":false},"excerpt":{"rendered":"<p>ROMAGNA SANGIOVESE SUPERIORE DENOMINAZIONE DI ORIGINE CONTROLLATA Questo vino nasce dal desiderio di vinificare le uve cosi come si faceva una volta. Una ricerca di esperienze che ci appartengono ma che abbiamo abbandonato e dimenticato negli anni. InTerra perch\u00e9 fatto dentro la terra dalla quale le sue uve provengono, un vino ancestrale capace di conciliare il presente con il nostro passato. Denominazione: &nbsp;Romagna Sangiovese Superiore DOC Vigneto: Le uve provengono &hellip; <\/p>\n","protected":false},"author":1,"featured_media":604,"parent":0,"menu_order":0,"comment_status":"closed","ping_status":"closed","template":"page-templates\/grid-page.php","meta":{"jetpack_post_was_ever_published":false,"footnotes":""},"class_list":["post-593","page","type-page","status-publish","has-post-thumbnail","hentry"],"yoast_head":"<!-- This site is optimized with the Yoast SEO plugin v26.6 - https:\/\/yoast.com\/wordpress\/plugins\/seo\/ -->\r\n<title>InTerra Rosso - Tenuta La Viola<\/title>\r\n<meta name=\"robots\" content=\"index, follow, max-snippet:-1, max-image-preview:large, max-video-preview:-1\" \/>\r\n<link rel=\"canonical\" href=\"https:\/\/www.tenutalaviola.it\/index.php\/it\/interra-rosso\/\" \/>\r\n<meta property=\"og:locale\" content=\"it_IT\" \/>\r\n<meta property=\"og:type\" content=\"article\" \/>\r\n<meta property=\"og:title\" content=\"InTerra Rosso - Tenuta La Viola\" \/>\r\n<meta property=\"og:description\" content=\"ROMAGNA SANGIOVESE SUPERIORE DENOMINAZIONE DI ORIGINE CONTROLLATA Questo vino nasce dal desiderio di vinificare le uve cosi come si faceva una volta. Una ricerca di esperienze che ci appartengono ma che abbiamo abbandonato e dimenticato negli anni. InTerra perch\u00e9 fatto dentro la terra dalla quale le sue uve provengono, un vino ancestrale capace di conciliare il presente con il nostro passato. Denominazione: &nbsp;Romagna Sangiovese Superiore DOC Vigneto: Le uve provengono &hellip;\" \/>\r\n<meta property=\"og:url\" content=\"https:\/\/www.tenutalaviola.it\/index.php\/it\/interra-rosso\/\" \/>\r\n<meta property=\"og:site_name\" content=\"Tenuta La Viola\" \/>\r\n<meta property=\"article:publisher\" content=\"https:\/\/www.facebook.com\/tenutalaviola\/\" \/>\r\n<meta property=\"article:modified_time\" content=\"2022-01-14T19:25:19+00:00\" \/>\r\n<meta property=\"og:image\" content=\"https:\/\/www.tenutalaviola.it\/wp-content\/uploads\/2020\/05\/Mattia-5-1.jpeg\" \/>\r\n\t<meta property=\"og:image:width\" content=\"800\" \/>\r\n\t<meta property=\"og:image:height\" content=\"1600\" \/>\r\n\t<meta property=\"og:image:type\" content=\"image\/jpeg\" \/>\r\n<meta name=\"twitter:card\" content=\"summary_large_image\" \/>\r\n<meta name=\"twitter:site\" content=\"@tenutalaviola\" \/>\r\n<meta name=\"twitter:label1\" content=\"Tempo di lettura stimato\" \/>\n\t<meta name=\"twitter:data1\" content=\"2 minuti\" \/>\r\n<script type=\"application\/ld+json\" class=\"yoast-schema-graph\">{\"@context\":\"https:\/\/schema.org\",\"@graph\":[{\"@type\":\"WebPage\",\"@id\":\"https:\/\/www.tenutalaviola.it\/index.php\/it\/interra-rosso\/\",\"url\":\"https:\/\/www.tenutalaviola.it\/index.php\/it\/interra-rosso\/\",\"name\":\"InTerra Rosso - Tenuta La Viola\",\"isPartOf\":{\"@id\":\"https:\/\/www.tenutalaviola.it\/#website\"},\"primaryImageOfPage\":{\"@id\":\"https:\/\/www.tenutalaviola.it\/index.php\/it\/interra-rosso\/#primaryimage\"},\"image\":{\"@id\":\"https:\/\/www.tenutalaviola.it\/index.php\/it\/interra-rosso\/#primaryimage\"},\"thumbnailUrl\":\"https:\/\/www.tenutalaviola.it\/wp-content\/uploads\/2020\/05\/Mattia-5-1.jpeg\",\"datePublished\":\"2020-05-01T10:09:40+00:00\",\"dateModified\":\"2022-01-14T19:25:19+00:00\",\"breadcrumb\":{\"@id\":\"https:\/\/www.tenutalaviola.it\/index.php\/it\/interra-rosso\/#breadcrumb\"},\"inLanguage\":\"it-IT\",\"potentialAction\":[{\"@type\":\"ReadAction\",\"target\":[\"https:\/\/www.tenutalaviola.it\/index.php\/it\/interra-rosso\/\"]}]},{\"@type\":\"ImageObject\",\"inLanguage\":\"it-IT\",\"@id\":\"https:\/\/www.tenutalaviola.it\/index.php\/it\/interra-rosso\/#primaryimage\",\"url\":\"https:\/\/www.tenutalaviola.it\/wp-content\/uploads\/2020\/05\/Mattia-5-1.jpeg\",\"contentUrl\":\"https:\/\/www.tenutalaviola.it\/wp-content\/uploads\/2020\/05\/Mattia-5-1.jpeg\",\"width\":800,\"height\":1600},{\"@type\":\"BreadcrumbList\",\"@id\":\"https:\/\/www.tenutalaviola.it\/index.php\/it\/interra-rosso\/#breadcrumb\",\"itemListElement\":[{\"@type\":\"ListItem\",\"position\":1,\"name\":\"Home\",\"item\":\"https:\/\/www.tenutalaviola.it\/index.php\/en\/home-2\/\"},{\"@type\":\"ListItem\",\"position\":2,\"name\":\"InTerra Rosso\"}]},{\"@type\":\"WebSite\",\"@id\":\"https:\/\/www.tenutalaviola.it\/#website\",\"url\":\"https:\/\/www.tenutalaviola.it\/\",\"name\":\"Tenuta La Viola\",\"description\":\"The Italian Sangiovese wine producer\",\"publisher\":{\"@id\":\"https:\/\/www.tenutalaviola.it\/#organization\"},\"potentialAction\":[{\"@type\":\"SearchAction\",\"target\":{\"@type\":\"EntryPoint\",\"urlTemplate\":\"https:\/\/www.tenutalaviola.it\/?s={search_term_string}\"},\"query-input\":{\"@type\":\"PropertyValueSpecification\",\"valueRequired\":true,\"valueName\":\"search_term_string\"}}],\"inLanguage\":\"it-IT\"},{\"@type\":\"Organization\",\"@id\":\"https:\/\/www.tenutalaviola.it\/#organization\",\"name\":\"Tenuta La Viola\",\"url\":\"https:\/\/www.tenutalaviola.it\/\",\"logo\":{\"@type\":\"ImageObject\",\"inLanguage\":\"it-IT\",\"@id\":\"https:\/\/www.tenutalaviola.it\/#\/schema\/logo\/image\/\",\"url\":\"https:\/\/www.tenutalaviola.it\/wp-content\/uploads\/2016\/09\/siteicon.jpg\",\"contentUrl\":\"https:\/\/www.tenutalaviola.it\/wp-content\/uploads\/2016\/09\/siteicon.jpg\",\"width\":512,\"height\":512,\"caption\":\"Tenuta La Viola\"},\"image\":{\"@id\":\"https:\/\/www.tenutalaviola.it\/#\/schema\/logo\/image\/\"},\"sameAs\":[\"https:\/\/www.facebook.com\/tenutalaviola\/\",\"https:\/\/x.com\/tenutalaviola\",\"https:\/\/www.instagram.com\/tenutalaviola\/\"]}]}<\/script>\r\n<!-- \/ Yoast SEO plugin. -->","yoast_head_json":{"title":"InTerra Rosso - Tenuta La Viola","robots":{"index":"index","follow":"follow","max-snippet":"max-snippet:-1","max-image-preview":"max-image-preview:large","max-video-preview":"max-video-preview:-1"},"canonical":"https:\/\/www.tenutalaviola.it\/index.php\/it\/interra-rosso\/","og_locale":"it_IT","og_type":"article","og_title":"InTerra Rosso - Tenuta La Viola","og_description":"ROMAGNA SANGIOVESE SUPERIORE DENOMINAZIONE DI ORIGINE CONTROLLATA Questo vino nasce dal desiderio di vinificare le uve cosi come si faceva una volta. Una ricerca di esperienze che ci appartengono ma che abbiamo abbandonato e dimenticato negli anni. InTerra perch\u00e9 fatto dentro la terra dalla quale le sue uve provengono, un vino ancestrale capace di conciliare il presente con il nostro passato. Denominazione: &nbsp;Romagna Sangiovese Superiore DOC Vigneto: Le uve provengono &hellip;","og_url":"https:\/\/www.tenutalaviola.it\/index.php\/it\/interra-rosso\/","og_site_name":"Tenuta La Viola","article_publisher":"https:\/\/www.facebook.com\/tenutalaviola\/","article_modified_time":"2022-01-14T19:25:19+00:00","og_image":[{"width":800,"height":1600,"url":"https:\/\/www.tenutalaviola.it\/wp-content\/uploads\/2020\/05\/Mattia-5-1.jpeg","type":"image\/jpeg"}],"twitter_card":"summary_large_image","twitter_site":"@tenutalaviola","twitter_misc":{"Tempo di lettura stimato":"2 minuti"},"schema":{"@context":"https:\/\/schema.org","@graph":[{"@type":"WebPage","@id":"https:\/\/www.tenutalaviola.it\/index.php\/it\/interra-rosso\/","url":"https:\/\/www.tenutalaviola.it\/index.php\/it\/interra-rosso\/","name":"InTerra Rosso - Tenuta La Viola","isPartOf":{"@id":"https:\/\/www.tenutalaviola.it\/#website"},"primaryImageOfPage":{"@id":"https:\/\/www.tenutalaviola.it\/index.php\/it\/interra-rosso\/#primaryimage"},"image":{"@id":"https:\/\/www.tenutalaviola.it\/index.php\/it\/interra-rosso\/#primaryimage"},"thumbnailUrl":"https:\/\/www.tenutalaviola.it\/wp-content\/uploads\/2020\/05\/Mattia-5-1.jpeg","datePublished":"2020-05-01T10:09:40+00:00","dateModified":"2022-01-14T19:25:19+00:00","breadcrumb":{"@id":"https:\/\/www.tenutalaviola.it\/index.php\/it\/interra-rosso\/#breadcrumb"},"inLanguage":"it-IT","potentialAction":[{"@type":"ReadAction","target":["https:\/\/www.tenutalaviola.it\/index.php\/it\/interra-rosso\/"]}]},{"@type":"ImageObject","inLanguage":"it-IT","@id":"https:\/\/www.tenutalaviola.it\/index.php\/it\/interra-rosso\/#primaryimage","url":"https:\/\/www.tenutalaviola.it\/wp-content\/uploads\/2020\/05\/Mattia-5-1.jpeg","contentUrl":"https:\/\/www.tenutalaviola.it\/wp-content\/uploads\/2020\/05\/Mattia-5-1.jpeg","width":800,"height":1600},{"@type":"BreadcrumbList","@id":"https:\/\/www.tenutalaviola.it\/index.php\/it\/interra-rosso\/#breadcrumb","itemListElement":[{"@type":"ListItem","position":1,"name":"Home","item":"https:\/\/www.tenutalaviola.it\/index.php\/en\/home-2\/"},{"@type":"ListItem","position":2,"name":"InTerra Rosso"}]},{"@type":"WebSite","@id":"https:\/\/www.tenutalaviola.it\/#website","url":"https:\/\/www.tenutalaviola.it\/","name":"Tenuta La Viola","description":"The Italian Sangiovese wine producer","publisher":{"@id":"https:\/\/www.tenutalaviola.it\/#organization"},"potentialAction":[{"@type":"SearchAction","target":{"@type":"EntryPoint","urlTemplate":"https:\/\/www.tenutalaviola.it\/?s={search_term_string}"},"query-input":{"@type":"PropertyValueSpecification","valueRequired":true,"valueName":"search_term_string"}}],"inLanguage":"it-IT"},{"@type":"Organization","@id":"https:\/\/www.tenutalaviola.it\/#organization","name":"Tenuta La Viola","url":"https:\/\/www.tenutalaviola.it\/","logo":{"@type":"ImageObject","inLanguage":"it-IT","@id":"https:\/\/www.tenutalaviola.it\/#\/schema\/logo\/image\/","url":"https:\/\/www.tenutalaviola.it\/wp-content\/uploads\/2016\/09\/siteicon.jpg","contentUrl":"https:\/\/www.tenutalaviola.it\/wp-content\/uploads\/2016\/09\/siteicon.jpg","width":512,"height":512,"caption":"Tenuta La Viola"},"image":{"@id":"https:\/\/www.tenutalaviola.it\/#\/schema\/logo\/image\/"},"sameAs":["https:\/\/www.facebook.com\/tenutalaviola\/","https:\/\/x.com\/tenutalaviola","https:\/\/www.instagram.com\/tenutalaviola\/"]}]}},"jetpack_sharing_enabled":true,"jetpack_shortlink":"https:\/\/wp.me\/P7T4su-9z","_links":{"self":[{"href":"https:\/\/www.tenutalaviola.it\/index.php\/wp-json\/wp\/v2\/pages\/593","targetHints":{"allow":["GET"]}}],"collection":[{"href":"https:\/\/www.tenutalaviola.it\/index.php\/wp-json\/wp\/v2\/pages"}],"about":[{"href":"https:\/\/www.tenutalaviola.it\/index.php\/wp-json\/wp\/v2\/types\/page"}],"author":[{"embeddable":true,"href":"https:\/\/www.tenutalaviola.it\/index.php\/wp-json\/wp\/v2\/users\/1"}],"replies":[{"embeddable":true,"href":"https:\/\/www.tenutalaviola.it\/index.php\/wp-json\/wp\/v2\/comments?post=593"}],"version-history":[{"count":8,"href":"https:\/\/www.tenutalaviola.it\/index.php\/wp-json\/wp\/v2\/pages\/593\/revisions"}],"predecessor-version":[{"id":1489,"href":"https:\/\/www.tenutalaviola.it\/index.php\/wp-json\/wp\/v2\/pages\/593\/revisions\/1489"}],"wp:featuredmedia":[{"embeddable":true,"href":"https:\/\/www.tenutalaviola.it\/index.php\/wp-json\/wp\/v2\/media\/604"}],"wp:attachment":[{"href":"https:\/\/www.tenutalaviola.it\/index.php\/wp-json\/wp\/v2\/media?parent=593"}],"curies":[{"name":"wp","href":"https:\/\/api.w.org\/{rel}","templated":true}]}}