{"id":113,"date":"2020-04-12T10:26:51","date_gmt":"2020-04-12T09:26:51","guid":{"rendered":"https:\/\/www.tenutalaviola.it\/wineshop\/?post_type=product&#038;p=113"},"modified":"2026-03-25T23:06:33","modified_gmt":"2026-03-25T22:06:33","slug":"menu-degustazione","status":"publish","type":"product","link":"https:\/\/www.tenutalaviola.it\/wineshop\/index.php\/product\/menu-degustazione\/","title":{"rendered":"Menu Degustazione"},"content":{"rendered":"<p>Quando vuoi sperimentare non c&#8217;\u00e8 niente di meglio che assaggiarli tutti. Questo Menu Degustazione include una carrellata dei nostri vini pi\u00f9 rappresentativi. Ce n&#8217;\u00e8 per tutti i gusti e per tutti i momenti della giornata. Albana, Sangiovese e un Super Romagna.<\/p>\n<p>Oddone per aperitivo e piatti semplici come una piada con prosciutto.<\/p>\n<p>Il Colombarone da accompagnare ad un piatto di pasta asciutta con il ragu di carne.<\/p>\n<p>P.Honorii per quando hai voglia di un brasato.<\/p>\n<p>Venticinque per una bella bistecca alla fiorentina.<\/p>\n<p>Frangipane per un piatto di cappelletti in brodo come si usa in Romagna.<\/p>\n<p>InTerra Bianco per il baccal\u00e0.<\/p>\n<p><a href=\"https:\/\/www.tenutalaviola.it\/qr\/f25.html\">Link a etichetta nutrizionale<\/a> Frangipane 2025<\/p>\n<p><a href=\"https:\/\/www.tenutalaviola.it\/qr\/ia24.html\">Link a etichetta nutrizionale<\/a> InTerra 2024<\/p>\n<p><a href=\"https:\/\/www.tenutalaviola.it\/qr\/o24.html\">Link a etichetta nutrizionale<\/a> Oddone 2024<\/p>\n","protected":false},"excerpt":{"rendered":"<p>Un mix di 6 bottiglie di Sangiovese, Albana\u00a0 e il Super Romagna.<\/p>\n<p>&nbsp;<\/p>\n<p><img loading=\"lazy\" decoding=\"async\" class=\"alignnone size-full wp-image-322\" src=\"https:\/\/www.tenutalaviola.it\/wineshop\/wp-content\/uploads\/2020\/04\/guide2021-A4-1-scaled.jpg\" alt=\"\" width=\"1810\" height=\"2560\" srcset=\"https:\/\/www.tenutalaviola.it\/wineshop\/wp-content\/uploads\/2020\/04\/guide2021-A4-1-scaled.jpg 1810w, https:\/\/www.tenutalaviola.it\/wineshop\/wp-content\/uploads\/2020\/04\/guide2021-A4-1-212x300.jpg 212w, https:\/\/www.tenutalaviola.it\/wineshop\/wp-content\/uploads\/2020\/04\/guide2021-A4-1-724x1024.jpg 724w, https:\/\/www.tenutalaviola.it\/wineshop\/wp-content\/uploads\/2020\/04\/guide2021-A4-1-768x1086.jpg 768w, https:\/\/www.tenutalaviola.it\/wineshop\/wp-content\/uploads\/2020\/04\/guide2021-A4-1-1086x1536.jpg 1086w, https:\/\/www.tenutalaviola.it\/wineshop\/wp-content\/uploads\/2020\/04\/guide2021-A4-1-1448x2048.jpg 1448w, https:\/\/www.tenutalaviola.it\/wineshop\/wp-content\/uploads\/2020\/04\/guide2021-A4-1-600x849.jpg 600w\" sizes=\"auto, (max-width: 1810px) 100vw, 1810px\" \/><\/p>\n","protected":false},"featured_media":114,"comment_status":"open","ping_status":"closed","template":"","meta":{"_exactmetrics_skip_tracking":false,"_exactmetrics_sitenote_active":false,"_exactmetrics_sitenote_note":"","_exactmetrics_sitenote_category":0},"product_brand":[],"product_cat":[23,22,24],"product_tag":[],"class_list":{"0":"post-113","1":"product","2":"type-product","3":"status-publish","4":"has-post-thumbnail","6":"product_cat-albana","7":"product_cat-sangiovese","8":"product_cat-super-romagna","10":"first","11":"instock","12":"shipping-taxable","13":"purchasable","14":"product-type-simple"},"yoast_head":"<!-- This site is optimized with the Yoast SEO plugin v26.6 - https:\/\/yoast.com\/wordpress\/plugins\/seo\/ -->\r\n<title>Menu Degustazione - Tenuta La Viola<\/title>\r\n<meta name=\"description\" content=\"Quando vuoi sperimentare non c&#039;\u00e8 niente di meglio che assaggiarli tutti. Questo Menu Degustazione include una carrellata dei nostri vini pi\u00f9 rappresentativi. Albana, Sangiovese e un Super Romagna.\" \/>\r\n<meta name=\"robots\" content=\"index, follow, max-snippet:-1, max-image-preview:large, max-video-preview:-1\" \/>\r\n<link rel=\"canonical\" href=\"https:\/\/www.tenutalaviola.it\/wineshop\/index.php\/product\/menu-degustazione\/\" \/>\r\n<meta property=\"og:locale\" content=\"it_IT\" \/>\r\n<meta property=\"og:type\" content=\"article\" \/>\r\n<meta property=\"og:title\" content=\"Menu Degustazione - Tenuta La Viola\" \/>\r\n<meta property=\"og:description\" content=\"Quando vuoi sperimentare non c&#039;\u00e8 niente di meglio che assaggiarli tutti. Questo Menu Degustazione include una carrellata dei nostri vini pi\u00f9 rappresentativi. Albana, Sangiovese e un Super Romagna.\" \/>\r\n<meta property=\"og:url\" content=\"https:\/\/www.tenutalaviola.it\/wineshop\/index.php\/product\/menu-degustazione\/\" \/>\r\n<meta property=\"og:site_name\" content=\"Tenuta La Viola\" \/>\r\n<meta property=\"article:publisher\" content=\"https:\/\/www.facebook.com\/tenutalaviola\/\" \/>\r\n<meta property=\"article:modified_time\" content=\"2026-03-25T22:06:33+00:00\" \/>\r\n<meta property=\"og:image\" content=\"https:\/\/www.tenutalaviola.it\/wineshop\/wp-content\/uploads\/2020\/04\/Degustazione450x450.jpg\" \/>\r\n\t<meta property=\"og:image:width\" content=\"1176\" \/>\r\n\t<meta property=\"og:image:height\" content=\"1414\" \/>\r\n\t<meta property=\"og:image:type\" content=\"image\/jpeg\" \/>\r\n<meta name=\"twitter:card\" content=\"summary_large_image\" \/>\r\n<meta name=\"twitter:site\" content=\"@tenutalaviola\" \/>\r\n<meta name=\"twitter:label1\" content=\"Tempo di lettura stimato\" \/>\n\t<meta name=\"twitter:data1\" content=\"1 minuto\" \/>\r\n<script type=\"application\/ld+json\" class=\"yoast-schema-graph\">{\"@context\":\"https:\/\/schema.org\",\"@graph\":[{\"@type\":\"WebPage\",\"@id\":\"https:\/\/www.tenutalaviola.it\/wineshop\/index.php\/product\/menu-degustazione\/\",\"url\":\"https:\/\/www.tenutalaviola.it\/wineshop\/index.php\/product\/menu-degustazione\/\",\"name\":\"Menu Degustazione - Tenuta La Viola\",\"isPartOf\":{\"@id\":\"https:\/\/www.tenutalaviola.it\/wineshop\/#website\"},\"primaryImageOfPage\":{\"@id\":\"https:\/\/www.tenutalaviola.it\/wineshop\/index.php\/product\/menu-degustazione\/#primaryimage\"},\"image\":{\"@id\":\"https:\/\/www.tenutalaviola.it\/wineshop\/index.php\/product\/menu-degustazione\/#primaryimage\"},\"thumbnailUrl\":\"https:\/\/www.tenutalaviola.it\/wineshop\/wp-content\/uploads\/2020\/04\/Degustazione450x450.jpg\",\"datePublished\":\"2020-04-12T09:26:51+00:00\",\"dateModified\":\"2026-03-25T22:06:33+00:00\",\"description\":\"Quando vuoi sperimentare non c'\u00e8 niente di meglio che assaggiarli tutti. Questo Menu Degustazione include una carrellata dei nostri vini pi\u00f9 rappresentativi. Albana, Sangiovese e un Super Romagna.\",\"breadcrumb\":{\"@id\":\"https:\/\/www.tenutalaviola.it\/wineshop\/index.php\/product\/menu-degustazione\/#breadcrumb\"},\"inLanguage\":\"it-IT\",\"potentialAction\":[{\"@type\":\"ReadAction\",\"target\":[\"https:\/\/www.tenutalaviola.it\/wineshop\/index.php\/product\/menu-degustazione\/\"]}]},{\"@type\":\"ImageObject\",\"inLanguage\":\"it-IT\",\"@id\":\"https:\/\/www.tenutalaviola.it\/wineshop\/index.php\/product\/menu-degustazione\/#primaryimage\",\"url\":\"https:\/\/www.tenutalaviola.it\/wineshop\/wp-content\/uploads\/2020\/04\/Degustazione450x450.jpg\",\"contentUrl\":\"https:\/\/www.tenutalaviola.it\/wineshop\/wp-content\/uploads\/2020\/04\/Degustazione450x450.jpg\",\"width\":1176,\"height\":1414},{\"@type\":\"BreadcrumbList\",\"@id\":\"https:\/\/www.tenutalaviola.it\/wineshop\/index.php\/product\/menu-degustazione\/#breadcrumb\",\"itemListElement\":[{\"@type\":\"ListItem\",\"position\":1,\"name\":\"Home\",\"item\":\"https:\/\/www.tenutalaviola.it\/wineshop\/\"},{\"@type\":\"ListItem\",\"position\":2,\"name\":\"Enoteca on line\",\"item\":\"https:\/\/www.tenutalaviola.it\/wineshop\/\"},{\"@type\":\"ListItem\",\"position\":3,\"name\":\"Menu Degustazione\"}]},{\"@type\":\"WebSite\",\"@id\":\"https:\/\/www.tenutalaviola.it\/wineshop\/#website\",\"url\":\"https:\/\/www.tenutalaviola.it\/wineshop\/\",\"name\":\"Tenuta La Viola\",\"description\":\"The Italian Sangiovese wine producer\",\"potentialAction\":[{\"@type\":\"SearchAction\",\"target\":{\"@type\":\"EntryPoint\",\"urlTemplate\":\"https:\/\/www.tenutalaviola.it\/wineshop\/?s={search_term_string}\"},\"query-input\":{\"@type\":\"PropertyValueSpecification\",\"valueRequired\":true,\"valueName\":\"search_term_string\"}}],\"inLanguage\":\"it-IT\"}]}<\/script>\r\n<!-- \/ Yoast SEO plugin. -->","yoast_head_json":{"title":"Menu Degustazione - Tenuta La Viola","description":"Quando vuoi sperimentare non c'\u00e8 niente di meglio che assaggiarli tutti. Questo Menu Degustazione include una carrellata dei nostri vini pi\u00f9 rappresentativi. Albana, Sangiovese e un Super Romagna.","robots":{"index":"index","follow":"follow","max-snippet":"max-snippet:-1","max-image-preview":"max-image-preview:large","max-video-preview":"max-video-preview:-1"},"canonical":"https:\/\/www.tenutalaviola.it\/wineshop\/index.php\/product\/menu-degustazione\/","og_locale":"it_IT","og_type":"article","og_title":"Menu Degustazione - Tenuta La Viola","og_description":"Quando vuoi sperimentare non c'\u00e8 niente di meglio che assaggiarli tutti. Questo Menu Degustazione include una carrellata dei nostri vini pi\u00f9 rappresentativi. Albana, Sangiovese e un Super Romagna.","og_url":"https:\/\/www.tenutalaviola.it\/wineshop\/index.php\/product\/menu-degustazione\/","og_site_name":"Tenuta La Viola","article_publisher":"https:\/\/www.facebook.com\/tenutalaviola\/","article_modified_time":"2026-03-25T22:06:33+00:00","og_image":[{"width":1176,"height":1414,"url":"https:\/\/www.tenutalaviola.it\/wineshop\/wp-content\/uploads\/2020\/04\/Degustazione450x450.jpg","type":"image\/jpeg"}],"twitter_card":"summary_large_image","twitter_site":"@tenutalaviola","twitter_misc":{"Tempo di lettura stimato":"1 minuto"},"schema":{"@context":"https:\/\/schema.org","@graph":[{"@type":"WebPage","@id":"https:\/\/www.tenutalaviola.it\/wineshop\/index.php\/product\/menu-degustazione\/","url":"https:\/\/www.tenutalaviola.it\/wineshop\/index.php\/product\/menu-degustazione\/","name":"Menu Degustazione - Tenuta La Viola","isPartOf":{"@id":"https:\/\/www.tenutalaviola.it\/wineshop\/#website"},"primaryImageOfPage":{"@id":"https:\/\/www.tenutalaviola.it\/wineshop\/index.php\/product\/menu-degustazione\/#primaryimage"},"image":{"@id":"https:\/\/www.tenutalaviola.it\/wineshop\/index.php\/product\/menu-degustazione\/#primaryimage"},"thumbnailUrl":"https:\/\/www.tenutalaviola.it\/wineshop\/wp-content\/uploads\/2020\/04\/Degustazione450x450.jpg","datePublished":"2020-04-12T09:26:51+00:00","dateModified":"2026-03-25T22:06:33+00:00","description":"Quando vuoi sperimentare non c'\u00e8 niente di meglio che assaggiarli tutti. Questo Menu Degustazione include una carrellata dei nostri vini pi\u00f9 rappresentativi. Albana, Sangiovese e un Super Romagna.","breadcrumb":{"@id":"https:\/\/www.tenutalaviola.it\/wineshop\/index.php\/product\/menu-degustazione\/#breadcrumb"},"inLanguage":"it-IT","potentialAction":[{"@type":"ReadAction","target":["https:\/\/www.tenutalaviola.it\/wineshop\/index.php\/product\/menu-degustazione\/"]}]},{"@type":"ImageObject","inLanguage":"it-IT","@id":"https:\/\/www.tenutalaviola.it\/wineshop\/index.php\/product\/menu-degustazione\/#primaryimage","url":"https:\/\/www.tenutalaviola.it\/wineshop\/wp-content\/uploads\/2020\/04\/Degustazione450x450.jpg","contentUrl":"https:\/\/www.tenutalaviola.it\/wineshop\/wp-content\/uploads\/2020\/04\/Degustazione450x450.jpg","width":1176,"height":1414},{"@type":"BreadcrumbList","@id":"https:\/\/www.tenutalaviola.it\/wineshop\/index.php\/product\/menu-degustazione\/#breadcrumb","itemListElement":[{"@type":"ListItem","position":1,"name":"Home","item":"https:\/\/www.tenutalaviola.it\/wineshop\/"},{"@type":"ListItem","position":2,"name":"Enoteca on line","item":"https:\/\/www.tenutalaviola.it\/wineshop\/"},{"@type":"ListItem","position":3,"name":"Menu Degustazione"}]},{"@type":"WebSite","@id":"https:\/\/www.tenutalaviola.it\/wineshop\/#website","url":"https:\/\/www.tenutalaviola.it\/wineshop\/","name":"Tenuta La Viola","description":"The Italian Sangiovese wine producer","potentialAction":[{"@type":"SearchAction","target":{"@type":"EntryPoint","urlTemplate":"https:\/\/www.tenutalaviola.it\/wineshop\/?s={search_term_string}"},"query-input":{"@type":"PropertyValueSpecification","valueRequired":true,"valueName":"search_term_string"}}],"inLanguage":"it-IT"}]}},"jetpack_sharing_enabled":true,"_links":{"self":[{"href":"https:\/\/www.tenutalaviola.it\/wineshop\/index.php\/wp-json\/wp\/v2\/product\/113","targetHints":{"allow":["GET"]}}],"collection":[{"href":"https:\/\/www.tenutalaviola.it\/wineshop\/index.php\/wp-json\/wp\/v2\/product"}],"about":[{"href":"https:\/\/www.tenutalaviola.it\/wineshop\/index.php\/wp-json\/wp\/v2\/types\/product"}],"replies":[{"embeddable":true,"href":"https:\/\/www.tenutalaviola.it\/wineshop\/index.php\/wp-json\/wp\/v2\/comments?post=113"}],"wp:featuredmedia":[{"embeddable":true,"href":"https:\/\/www.tenutalaviola.it\/wineshop\/index.php\/wp-json\/wp\/v2\/media\/114"}],"wp:attachment":[{"href":"https:\/\/www.tenutalaviola.it\/wineshop\/index.php\/wp-json\/wp\/v2\/media?parent=113"}],"wp:term":[{"taxonomy":"product_brand","embeddable":true,"href":"https:\/\/www.tenutalaviola.it\/wineshop\/index.php\/wp-json\/wp\/v2\/product_brand?post=113"},{"taxonomy":"product_cat","embeddable":true,"href":"https:\/\/www.tenutalaviola.it\/wineshop\/index.php\/wp-json\/wp\/v2\/product_cat?post=113"},{"taxonomy":"product_tag","embeddable":true,"href":"https:\/\/www.tenutalaviola.it\/wineshop\/index.php\/wp-json\/wp\/v2\/product_tag?post=113"}],"curies":[{"name":"wp","href":"https:\/\/api.w.org\/{rel}","templated":true}]}}